{"id":4949,"date":"2023-08-05T18:38:53","date_gmt":"2023-08-05T18:38:53","guid":{"rendered":"https:\/\/alkimiaproductions.com\/videography-packages\/"},"modified":"2025-08-01T20:46:03","modified_gmt":"2025-08-01T20:46:03","slug":"videography-packages","status":"publish","type":"page","link":"https:\/\/alkimiaproductions.com\/fr\/videography-packages\/","title":{"rendered":"Videography Packages"},"content":{"rendered":"\t\t<div data-elementor-type=\"wp-page\" data-elementor-id=\"4949\" class=\"elementor elementor-4949 elementor-4256\">\n\t\t\t\t\t\t<section class=\"elementor-section elementor-top-section elementor-element elementor-element-3560c51 elementor-section-boxed elementor-section-height-default elementor-section-height-default\" data-id=\"3560c51\" data-element_type=\"section\" data-settings=\"{&quot;background_background&quot;:&quot;classic&quot;}\">\n\t\t\t\t\t\t<div class=\"elementor-container elementor-column-gap-default\">\n\t\t\t\t\t<div class=\"elementor-column elementor-col-100 elementor-top-column elementor-element elementor-element-c121cb4\" data-id=\"c121cb4\" data-element_type=\"column\">\n\t\t\t<div class=\"elementor-widget-wrap elementor-element-populated\">\n\t\t\t\t\t\t<div class=\"elementor-element elementor-element-4ea0c97 elementor-widget elementor-widget-yprm_heading\" data-id=\"4ea0c97\" data-element_type=\"widget\" data-widget_type=\"yprm_heading.default\">\n\t\t\t\t<div class=\"elementor-widget-container\">\n\t\t\t\t\t\t\t\t<div class=\"heading-block tac\">\n\t\t\t\t                  <h3 class=\"h\">Plans de <span>vid\u00e9ographie<\/span><\/h3>\n        \t\t\t<\/div>\n      \t\t\t\t\t\t<\/div>\n\t\t\t\t<\/div>\n\t\t\t\t\t<\/div>\n\t\t<\/div>\n\t\t\t\t\t<\/div>\n\t\t<\/section>\n\t\t\t\t<section class=\"elementor-section elementor-top-section elementor-element elementor-element-0b3e3bb elementor-section-stretched elementor-section-boxed elementor-section-height-default elementor-section-height-default\" data-id=\"0b3e3bb\" data-element_type=\"section\" data-settings=\"{&quot;stretch_section&quot;:&quot;section-stretched&quot;,&quot;background_background&quot;:&quot;classic&quot;}\">\n\t\t\t\t\t\t<div class=\"elementor-container elementor-column-gap-default\">\n\t\t\t\t\t<div class=\"elementor-column elementor-col-33 elementor-top-column elementor-element elementor-element-e77604c\" data-id=\"e77604c\" data-element_type=\"column\">\n\t\t\t<div class=\"elementor-widget-wrap elementor-element-populated\">\n\t\t\t\t\t\t<section class=\"elementor-section elementor-inner-section elementor-element elementor-element-ee4cea0 elementor-section-boxed elementor-section-height-default elementor-section-height-default\" data-id=\"ee4cea0\" data-element_type=\"section\">\n\t\t\t\t\t\t<div class=\"elementor-container elementor-column-gap-default\">\n\t\t\t\t\t<div class=\"elementor-column elementor-col-100 elementor-inner-column elementor-element elementor-element-6e224cc elementor-invisible\" data-id=\"6e224cc\" data-element_type=\"column\" data-settings=\"{&quot;animation&quot;:&quot;fadeInUp&quot;}\">\n\t\t\t<div class=\"elementor-widget-wrap elementor-element-populated\">\n\t\t\t\t\t\t<div class=\"elementor-element elementor-element-063e930 elementor-widget elementor-widget-heading\" data-id=\"063e930\" data-element_type=\"widget\" data-widget_type=\"heading.default\">\n\t\t\t\t\t<h2 class=\"elementor-heading-title elementor-size-default\">Bronze\n<p style=\"font-size:14px;letter-spacing: 0.36px;font-weight:400\">1 REELS 09:16<\/p>\n<\/h2>\t\t\t\t<\/div>\n\t\t\t\t<div class=\"elementor-element elementor-element-b6aa59b elementor-widget elementor-widget-text-editor\" data-id=\"b6aa59b\" data-element_type=\"widget\" data-widget_type=\"text-editor.default\">\n\t\t\t\t\t\t\t\t\t<p>\u2713 Vid\u00e9o 4K de 1 minute<br \/>\u2713 Choix de musique<br \/>\u2713 Ajout de logo et de l\u00e9gende<br \/>\u2713 1 tenue<\/p>\t\t\t\t\t\t\t\t<\/div>\n\t\t\t\t<div class=\"elementor-element elementor-element-48a9ebf elementor-widget elementor-widget-text-editor\" data-id=\"48a9ebf\" data-element_type=\"widget\" data-widget_type=\"text-editor.default\">\n\t\t\t\t\t\t\t\t\t<p>$950<span style=\"font-size: 12px; color: var( --e-global-color-text ); background-color: var( --e-global-color-3ad5eda );\">+txs<\/span><\/p>\t\t\t\t\t\t\t\t<\/div>\n\t\t\t\t<div class=\"elementor-element elementor-element-9e28acc elementor-align-center elementor-widget elementor-widget-button\" data-id=\"9e28acc\" data-element_type=\"widget\" data-widget_type=\"button.default\">\n\t\t\t\t\t\t\t\t\t\t<a class=\"elementor-button elementor-button-link elementor-size-sm\" href=\"https:\/\/checkout.square.site\/merchant\/MLFZC01GAVVZT\/checkout\/NKK5VNDLTPHGTCPLNRDHC5FF\">\n\t\t\t\t\t\t<span class=\"elementor-button-content-wrapper\">\n\t\t\t\t\t\t\t\t\t<span class=\"elementor-button-text\">Achetez maintenant<\/span>\n\t\t\t\t\t<\/span>\n\t\t\t\t\t<\/a>\n\t\t\t\t\t\t\t\t<\/div>\n\t\t\t\t\t<\/div>\n\t\t<\/div>\n\t\t\t\t\t<\/div>\n\t\t<\/section>\n\t\t\t\t\t<\/div>\n\t\t<\/div>\n\t\t\t\t<div class=\"elementor-column elementor-col-33 elementor-top-column elementor-element elementor-element-8b76f4b\" data-id=\"8b76f4b\" data-element_type=\"column\">\n\t\t\t<div class=\"elementor-widget-wrap elementor-element-populated\">\n\t\t\t\t\t\t<section class=\"elementor-section elementor-inner-section elementor-element elementor-element-5559c88 elementor-section-boxed elementor-section-height-default elementor-section-height-default\" data-id=\"5559c88\" data-element_type=\"section\">\n\t\t\t\t\t\t<div class=\"elementor-container elementor-column-gap-default\">\n\t\t\t\t\t<div class=\"elementor-column elementor-col-100 elementor-inner-column elementor-element elementor-element-a403e6f elementor-invisible\" data-id=\"a403e6f\" data-element_type=\"column\" data-settings=\"{&quot;background_background&quot;:&quot;classic&quot;,&quot;animation&quot;:&quot;fadeInUp&quot;}\">\n\t\t\t<div class=\"elementor-widget-wrap elementor-element-populated\">\n\t\t\t\t\t\t<div class=\"elementor-element elementor-element-3418b98 elementor-widget elementor-widget-heading\" data-id=\"3418b98\" data-element_type=\"widget\" data-widget_type=\"heading.default\">\n\t\t\t\t\t<h2 class=\"elementor-heading-title elementor-size-default\">Argent\n<p style=\"font-size:14px;font-weight:400;letter-spacing: 0.36px;line-height:20px\">2 REELS 09:16\n<\/p><\/h2>\t\t\t\t<\/div>\n\t\t\t\t<div class=\"elementor-element elementor-element-2660456 elementor-widget elementor-widget-text-editor\" data-id=\"2660456\" data-element_type=\"widget\" data-widget_type=\"text-editor.default\">\n\t\t\t\t\t\t\t\t\t<p>\u2713 2 vid\u00e9os 4K de 1 minute chacune<br \/>\u2713 Choix de musique<br \/>\u2713 Ajout de logo et de l\u00e9gende<br \/>\u2713 2 tenues<\/p>\t\t\t\t\t\t\t\t<\/div>\n\t\t\t\t<div class=\"elementor-element elementor-element-6b60f4f elementor-widget elementor-widget-text-editor\" data-id=\"6b60f4f\" data-element_type=\"widget\" data-widget_type=\"text-editor.default\">\n\t\t\t\t\t\t\t\t\t<p>$1250<span style=\"font-size: 12px; color: var( --e-global-color-text ); background-color: var( --e-global-color-primary );\">+txs<\/span><\/p>\t\t\t\t\t\t\t\t<\/div>\n\t\t\t\t<div class=\"elementor-element elementor-element-93291bb elementor-align-center elementor-widget elementor-widget-button\" data-id=\"93291bb\" data-element_type=\"widget\" data-widget_type=\"button.default\">\n\t\t\t\t\t\t\t\t\t\t<a class=\"elementor-button elementor-button-link elementor-size-sm\" href=\"https:\/\/checkout.square.site\/merchant\/MLFZC01GAVVZT\/checkout\/FAPIEDY4JZJ5NPJ5FDCCH6AW\">\n\t\t\t\t\t\t<span class=\"elementor-button-content-wrapper\">\n\t\t\t\t\t\t\t\t\t<span class=\"elementor-button-text\">Achetez maintenant<\/span>\n\t\t\t\t\t<\/span>\n\t\t\t\t\t<\/a>\n\t\t\t\t\t\t\t\t<\/div>\n\t\t\t\t\t<\/div>\n\t\t<\/div>\n\t\t\t\t\t<\/div>\n\t\t<\/section>\n\t\t\t\t\t<\/div>\n\t\t<\/div>\n\t\t\t\t<div class=\"elementor-column elementor-col-33 elementor-top-column elementor-element elementor-element-e4706e3\" data-id=\"e4706e3\" data-element_type=\"column\">\n\t\t\t<div class=\"elementor-widget-wrap elementor-element-populated\">\n\t\t\t\t\t\t<section class=\"elementor-section elementor-inner-section elementor-element elementor-element-4867367 elementor-section-boxed elementor-section-height-default elementor-section-height-default\" data-id=\"4867367\" data-element_type=\"section\">\n\t\t\t\t\t\t<div class=\"elementor-container elementor-column-gap-default\">\n\t\t\t\t\t<div class=\"elementor-column elementor-col-100 elementor-inner-column elementor-element elementor-element-9aff3a6 elementor-invisible\" data-id=\"9aff3a6\" data-element_type=\"column\" data-settings=\"{&quot;animation&quot;:&quot;fadeInUp&quot;}\">\n\t\t\t<div class=\"elementor-widget-wrap elementor-element-populated\">\n\t\t\t\t\t\t<div class=\"elementor-element elementor-element-c23b902 elementor-widget elementor-widget-heading\" data-id=\"c23b902\" data-element_type=\"widget\" data-widget_type=\"heading.default\">\n\t\t\t\t\t<h2 class=\"elementor-heading-title elementor-size-default\">Or\n<p style=\"font-size:14px;font-weight:400;letter-spacing: 0.36px;line-height:20px\">3 VID\u00c9OS  + 3 REELS DE 15 SEC. 09:16\n<\/p><\/h2>\t\t\t\t<\/div>\n\t\t\t\t<div class=\"elementor-element elementor-element-2ba332e elementor-widget elementor-widget-text-editor\" data-id=\"2ba332e\" data-element_type=\"widget\" data-widget_type=\"text-editor.default\">\n\t\t\t\t\t\t\t\t\t<p>\u2713 3 vid\u00e9os 4K de 1 minute chacune<br \/>\u2713 3 vid\u00e9os 4K de 15 secondes pour Insta Reels\/Stories<br \/>\u2713 Choix de musique<br \/>\u2713 5 tenues<\/p>\t\t\t\t\t\t\t\t<\/div>\n\t\t\t\t<div class=\"elementor-element elementor-element-3661f1b elementor-widget elementor-widget-text-editor\" data-id=\"3661f1b\" data-element_type=\"widget\" data-widget_type=\"text-editor.default\">\n\t\t\t\t\t\t\t\t\t<p>$1500<span style=\"font-size: 12px; color: var( --e-global-color-text ); background-color: var( --e-global-color-3ad5eda );\">+txs<\/span><\/p>\t\t\t\t\t\t\t\t<\/div>\n\t\t\t\t<div class=\"elementor-element elementor-element-c79a0db elementor-align-center elementor-widget elementor-widget-button\" data-id=\"c79a0db\" data-element_type=\"widget\" data-widget_type=\"button.default\">\n\t\t\t\t\t\t\t\t\t\t<a class=\"elementor-button elementor-button-link elementor-size-sm\" href=\"https:\/\/checkout.square.site\/merchant\/MLFZC01GAVVZT\/checkout\/I5SMB5HS66DLJBXRPGD4PB2X\">\n\t\t\t\t\t\t<span class=\"elementor-button-content-wrapper\">\n\t\t\t\t\t\t\t\t\t<span class=\"elementor-button-text\">Achetez maintenant<\/span>\n\t\t\t\t\t<\/span>\n\t\t\t\t\t<\/a>\n\t\t\t\t\t\t\t\t<\/div>\n\t\t\t\t\t<\/div>\n\t\t<\/div>\n\t\t\t\t\t<\/div>\n\t\t<\/section>\n\t\t\t\t\t<\/div>\n\t\t<\/div>\n\t\t\t\t\t<\/div>\n\t\t<\/section>\n\t\t\t\t<section class=\"elementor-section elementor-top-section elementor-element elementor-element-272f7cd elementor-section-stretched elementor-section-content-middle elementor-section-boxed elementor-section-height-default elementor-section-height-default\" data-id=\"272f7cd\" data-element_type=\"section\" data-settings=\"{&quot;stretch_section&quot;:&quot;section-stretched&quot;,&quot;background_background&quot;:&quot;classic&quot;}\">\n\t\t\t\t\t\t<div class=\"elementor-container elementor-column-gap-default\">\n\t\t\t\t\t<div class=\"elementor-column elementor-col-100 elementor-top-column elementor-element elementor-element-e5c6261\" data-id=\"e5c6261\" data-element_type=\"column\">\n\t\t\t<div class=\"elementor-widget-wrap elementor-element-populated\">\n\t\t\t\t\t\t<section class=\"elementor-section elementor-inner-section elementor-element elementor-element-483b551 elementor-section-boxed elementor-section-height-default elementor-section-height-default\" data-id=\"483b551\" data-element_type=\"section\">\n\t\t\t\t\t\t<div class=\"elementor-container elementor-column-gap-default\">\n\t\t\t\t\t<div class=\"elementor-column elementor-col-100 elementor-inner-column elementor-element elementor-element-1ddaed6\" data-id=\"1ddaed6\" data-element_type=\"column\">\n\t\t\t<div class=\"elementor-widget-wrap elementor-element-populated\">\n\t\t\t\t\t\t<div class=\"elementor-element elementor-element-816009a elementor-widget__width-initial elementor-widget-mobile__width-inherit elementor-invisible elementor-widget elementor-widget-heading\" data-id=\"816009a\" data-element_type=\"widget\" data-settings=\"{&quot;_animation&quot;:&quot;fadeInUp&quot;}\" data-widget_type=\"heading.default\">\n\t\t\t\t\t<h5 class=\"elementor-heading-title elementor-size-default\">Plan de tarification pour l'entreprise Alkimia Productions ca en 2023 mois\n25% \/ 6 mois - 35 % \/ 1 an = 50 %<\/h5>\t\t\t\t<\/div>\n\t\t\t\t\t<\/div>\n\t\t<\/div>\n\t\t\t\t\t<\/div>\n\t\t<\/section>\n\t\t\t\t\t<\/div>\n\t\t<\/div>\n\t\t\t\t\t<\/div>\n\t\t<\/section>\n\t\t\t\t<section class=\"elementor-section elementor-top-section elementor-element elementor-element-7c77fcd elementor-section-full_width elementor-hidden-tablet elementor-hidden-mobile elementor-hidden-desktop elementor-section-height-default elementor-section-height-default\" data-id=\"7c77fcd\" data-element_type=\"section\">\n\t\t\t\t\t\t<div class=\"elementor-container elementor-column-gap-no\">\n\t\t\t\t\t<div class=\"elementor-column elementor-col-100 elementor-top-column elementor-element elementor-element-6d0c509\" data-id=\"6d0c509\" data-element_type=\"column\">\n\t\t\t<div class=\"elementor-widget-wrap elementor-element-populated\">\n\t\t\t\t\t\t<div class=\"elementor-element elementor-element-8c5f7d3 elementor-invisible elementor-widget elementor-widget-yprm_photo_carousel\" data-id=\"8c5f7d3\" data-element_type=\"widget\" data-settings=\"{&quot;_animation&quot;:&quot;fadeInUp&quot;}\" data-widget_type=\"yprm_photo_carousel.default\">\n\t\t\t\t<div class=\"elementor-widget-container\">\n\t\t\t\t\t\t    \t<div class=\"photo-carousel\" data-banner-settings=\"{&quot;loop&quot;:true,&quot;autoplay&quot;:true,&quot;arrows&quot;:true,&quot;autoplay_speed&quot;:5000,&quot;speed&quot;:300}\">\n\t    \t\t\t\t\t\t\t\t<a class=\"button-style1\" href=\"https:\/\/www.instagram.com\/alkimia_productions_ca\/\" target=\"_blank\"  rel=\"nofollow\">\n\t\t\t\t\t\t\t<i aria-hidden=\"true\" class=\"fab fa-instagram\"><\/i>\t\t\t\t\t\t\tSuivez-moi\t\t\t\t\t\t<\/a>\n\t\t\t\t\t\t\t\t\t<div class=\"carousel\">\n\t\t\t\t\t\t\t\t\t    \t<div class=\"item\" style=\"background-image: url(https:\/\/alkimiaproductions.com\/wp-content\/uploads\/2023\/10\/div.item_-1.png );\"><\/div>\n\t\t\t\t    \t\t\t\t    \t<div class=\"item\" style=\"background-image: url(https:\/\/alkimiaproductions.com\/wp-content\/uploads\/2023\/10\/div.item-1-1.png );\"><\/div>\n\t\t\t\t    \t\t\t\t    \t<div class=\"item\" style=\"background-image: url(https:\/\/alkimiaproductions.com\/wp-content\/uploads\/2023\/10\/div.item-2-1.png );\"><\/div>\n\t\t\t\t    \t\t\t\t    \t<div class=\"item\" style=\"background-image: url(https:\/\/alkimiaproductions.com\/wp-content\/uploads\/2023\/10\/div.item-4-1.png );\"><\/div>\n\t\t\t\t    \t\t\t\t    \t<div class=\"item\" style=\"background-image: url(https:\/\/alkimiaproductions.com\/wp-content\/uploads\/2023\/10\/div.item-5-1.png );\"><\/div>\n\t\t\t\t    \t\t\t\t    \t<div class=\"item\" style=\"background-image: url(https:\/\/alkimiaproductions.com\/wp-content\/uploads\/2023\/10\/div.item-6-1.png );\"><\/div>\n\t\t\t\t    \t\t\t\t    \t<div class=\"item\" style=\"background-image: url(https:\/\/alkimiaproductions.com\/wp-content\/uploads\/2023\/10\/div.item-7-1.png );\"><\/div>\n\t\t\t\t    \t\t\t\t    \t<div class=\"item\" style=\"background-image: url(https:\/\/alkimiaproductions.com\/wp-content\/uploads\/2023\/10\/div.item-8-1.png );\"><\/div>\n\t\t\t\t    \t\t\t\t    \t<div class=\"item\" style=\"background-image: url(https:\/\/alkimiaproductions.com\/wp-content\/uploads\/2023\/10\/div.item-9-1.png );\"><\/div>\n\t\t\t\t    \t\t\t\t    \t<div class=\"item\" style=\"background-image: url(https:\/\/alkimiaproductions.com\/wp-content\/uploads\/2023\/10\/div.item-10-1.png );\"><\/div>\n\t\t\t\t    \t\t\t\t    \t<div class=\"item\" style=\"background-image: url(https:\/\/alkimiaproductions.com\/wp-content\/uploads\/2023\/10\/div.item_-2.png );\"><\/div>\n\t\t\t\t    \t\t\t\t    \t<div class=\"item\" style=\"background-image: url(https:\/\/alkimiaproductions.com\/wp-content\/uploads\/2023\/10\/div.item-12-1.png );\"><\/div>\n\t\t\t\t    \t\t\t\t    \t<div class=\"item\" style=\"background-image: url(https:\/\/alkimiaproductions.com\/wp-content\/uploads\/2023\/10\/div.item-13-1.png );\"><\/div>\n\t\t\t\t    \t\t\t\t    \t<div class=\"item\" style=\"background-image: url(https:\/\/alkimiaproductions.com\/wp-content\/uploads\/2023\/10\/div.item_-1.jpg );\"><\/div>\n\t\t\t\t    \t\t\t\t<\/div>\n\t    \t<\/div>\t\n\t    \t\t\t\t<\/div>\n\t\t\t\t<\/div>\n\t\t\t\t\t<\/div>\n\t\t<\/div>\n\t\t\t\t\t<\/div>\n\t\t<\/section>\n\t\t\t\t<section class=\"elementor-section elementor-top-section elementor-element elementor-element-e249eb0 elementor-section-boxed elementor-section-height-default elementor-section-height-default\" data-id=\"e249eb0\" data-element_type=\"section\" data-settings=\"{&quot;background_background&quot;:&quot;classic&quot;}\">\n\t\t\t\t\t\t<div class=\"elementor-container elementor-column-gap-default\">\n\t\t\t\t\t<div class=\"elementor-column elementor-col-33 elementor-top-column elementor-element elementor-element-3d779c3\" data-id=\"3d779c3\" data-element_type=\"column\">\n\t\t\t<div class=\"elementor-widget-wrap elementor-element-populated\">\n\t\t\t\t\t\t<div class=\"elementor-element elementor-element-b3d32ed elementor-widget elementor-widget-image\" data-id=\"b3d32ed\" data-element_type=\"widget\" data-widget_type=\"image.default\">\n\t\t\t\t\t\t\t\t\t\t\t\t\t\t\t<img decoding=\"async\" width=\"161\" height=\"25\" src=\"https:\/\/alkimiaproductions.com\/wp-content\/uploads\/2021\/06\/alkimia-palabra-png-2.png\" class=\"attachment-full size-full wp-image-4668\" alt=\"\" srcset=\"https:\/\/alkimiaproductions.com\/wp-content\/uploads\/2021\/06\/alkimia-palabra-png-2.png 161w, https:\/\/alkimiaproductions.com\/wp-content\/uploads\/2021\/06\/alkimia-palabra-png-2-70x11.png 70w\" sizes=\"(max-width: 161px) 100vw, 161px\" \/>\t\t\t\t\t\t\t\t\t\t\t\t\t\t\t<\/div>\n\t\t\t\t<div class=\"elementor-element elementor-element-e27e4cd elementor-widget elementor-widget-text-editor\" data-id=\"e27e4cd\" data-element_type=\"widget\" data-widget_type=\"text-editor.default\">\n\t\t\t\t\t\t\t\t\t<p>Le monde sans la photographie serait d\u00e9nu\u00e9 de sens pour nous s&#8217;il n&#8217;y avait ni lumi\u00e8re ni couleur, car ils \u00e9largissent notre esprit et expriment la passion.<\/p>\t\t\t\t\t\t\t\t<\/div>\n\t\t\t\t\t<\/div>\n\t\t<\/div>\n\t\t\t\t<div class=\"elementor-column elementor-col-33 elementor-top-column elementor-element elementor-element-bab177d\" data-id=\"bab177d\" data-element_type=\"column\">\n\t\t\t<div class=\"elementor-widget-wrap elementor-element-populated\">\n\t\t\t\t\t\t<div class=\"elementor-element elementor-element-6a776c6 elementor-widget elementor-widget-heading\" data-id=\"6a776c6\" data-element_type=\"widget\" data-widget_type=\"heading.default\">\n\t\t\t\t\t<h5 class=\"elementor-heading-title elementor-size-default\">Derni\u00e8res photos<\/h5>\t\t\t\t<\/div>\n\t\t\t\t<div class=\"elementor-element elementor-element-4915224 elementor-widget elementor-widget-image-gallery\" data-id=\"4915224\" data-element_type=\"widget\" data-widget_type=\"image-gallery.default\">\n\t\t\t\t\t\t\t<div class=\"elementor-image-gallery\">\n\t\t\t\n\t\t<style type=\"text\/css\">\n\t\t\t#gallery-1 {\n\t\t\t\tmargin: auto;\n\t\t\t}\n\t\t\t#gallery-1 .gallery-item {\n\t\t\t\tfloat: left;\n\t\t\t\tmargin-top: 10px;\n\t\t\t\ttext-align: center;\n\t\t\t\twidth: 25%;\n\t\t\t}\n\t\t\t#gallery-1 img {\n\t\t\t\tborder: 2px solid #cfcfcf;\n\t\t\t}\n\t\t\t#gallery-1 .gallery-caption {\n\t\t\t\tmargin-left: 0;\n\t\t\t}\n\t\t\t\/* see gallery_shortcode() in wp-includes\/media.php *\/\n\t\t<\/style>\n\t\t<div id='gallery-1' class='gallery galleryid-4949 gallery-columns-4 gallery-size-full'><dl class='gallery-item'>\n\t\t\t<dt class='gallery-icon portrait'>\n\t\t\t\t<a data-elementor-open-lightbox=\"no\" href='https:\/\/alkimiaproductions.com\/wp-content\/uploads\/2023\/10\/div.png'><img decoding=\"async\" width=\"168\" height=\"169\" src=\"https:\/\/alkimiaproductions.com\/wp-content\/uploads\/2023\/10\/div.png\" class=\"attachment-full size-full\" alt=\"\" srcset=\"https:\/\/alkimiaproductions.com\/wp-content\/uploads\/2023\/10\/div.png 168w, https:\/\/alkimiaproductions.com\/wp-content\/uploads\/2023\/10\/div-150x150.png 150w, https:\/\/alkimiaproductions.com\/wp-content\/uploads\/2023\/10\/div-70x70.png 70w\" sizes=\"(max-width: 168px) 100vw, 168px\" \/><\/a>\n\t\t\t<\/dt><\/dl><dl class='gallery-item'>\n\t\t\t<dt class='gallery-icon landscape'>\n\t\t\t\t<a data-elementor-open-lightbox=\"no\" href='https:\/\/alkimiaproductions.com\/wp-content\/uploads\/2023\/10\/div-2.jpg'><img decoding=\"async\" width=\"168\" height=\"168\" src=\"https:\/\/alkimiaproductions.com\/wp-content\/uploads\/2023\/10\/div-2.jpg\" class=\"attachment-full size-full\" alt=\"\" srcset=\"https:\/\/alkimiaproductions.com\/wp-content\/uploads\/2023\/10\/div-2.jpg 168w, https:\/\/alkimiaproductions.com\/wp-content\/uploads\/2023\/10\/div-2-150x150.jpg 150w, https:\/\/alkimiaproductions.com\/wp-content\/uploads\/2023\/10\/div-2-70x70.jpg 70w\" sizes=\"(max-width: 168px) 100vw, 168px\" \/><\/a>\n\t\t\t<\/dt><\/dl><dl class='gallery-item'>\n\t\t\t<dt class='gallery-icon portrait'>\n\t\t\t\t<a data-elementor-open-lightbox=\"no\" href='https:\/\/alkimiaproductions.com\/wp-content\/uploads\/2023\/10\/div-2.png'><img loading=\"lazy\" decoding=\"async\" width=\"168\" height=\"169\" src=\"https:\/\/alkimiaproductions.com\/wp-content\/uploads\/2023\/10\/div-2.png\" class=\"attachment-full size-full\" alt=\"\" srcset=\"https:\/\/alkimiaproductions.com\/wp-content\/uploads\/2023\/10\/div-2.png 168w, https:\/\/alkimiaproductions.com\/wp-content\/uploads\/2023\/10\/div-2-150x150.png 150w, https:\/\/alkimiaproductions.com\/wp-content\/uploads\/2023\/10\/div-2-70x70.png 70w\" sizes=\"(max-width: 168px) 100vw, 168px\" \/><\/a>\n\t\t\t<\/dt><\/dl><dl class='gallery-item'>\n\t\t\t<dt class='gallery-icon landscape'>\n\t\t\t\t<a data-elementor-open-lightbox=\"no\" href='https:\/\/alkimiaproductions.com\/wp-content\/uploads\/2023\/10\/div-1-1.jpg'><img loading=\"lazy\" decoding=\"async\" width=\"168\" height=\"168\" src=\"https:\/\/alkimiaproductions.com\/wp-content\/uploads\/2023\/10\/div-1-1.jpg\" class=\"attachment-full size-full\" alt=\"\" srcset=\"https:\/\/alkimiaproductions.com\/wp-content\/uploads\/2023\/10\/div-1-1.jpg 168w, https:\/\/alkimiaproductions.com\/wp-content\/uploads\/2023\/10\/div-1-1-150x150.jpg 150w, https:\/\/alkimiaproductions.com\/wp-content\/uploads\/2023\/10\/div-1-1-70x70.jpg 70w\" sizes=\"(max-width: 168px) 100vw, 168px\" \/><\/a>\n\t\t\t<\/dt><\/dl><br style=\"clear: both\" \/>\n\t\t<\/div>\n\t\t<\/div>\n\t\t\t\t\t\t<\/div>\n\t\t\t\t\t<\/div>\n\t\t<\/div>\n\t\t\t\t<div class=\"elementor-column elementor-col-33 elementor-top-column elementor-element elementor-element-f0d7447\" data-id=\"f0d7447\" data-element_type=\"column\">\n\t\t\t<div class=\"elementor-widget-wrap elementor-element-populated\">\n\t\t\t\t\t\t<div class=\"elementor-element elementor-element-d1cc150 elementor-widget elementor-widget-heading\" data-id=\"d1cc150\" data-element_type=\"widget\" data-widget_type=\"heading.default\">\n\t\t\t\t\t<h5 class=\"elementor-heading-title elementor-size-default\">Contacts<\/h5>\t\t\t\t<\/div>\n\t\t\t\t<div class=\"elementor-element elementor-element-b4ebeee elementor-widget elementor-widget-text-editor\" data-id=\"b4ebeee\" data-element_type=\"widget\" data-widget_type=\"text-editor.default\">\n\t\t\t\t\t\t\t\t\t<p>Num\u00e9ro de t\u00e9l\u00e9phone: <a href=\"tel: +1 514-294-8214\">+1 514-294-8214<\/a><\/p><p>Adresse E-mail: <a href=\"mailto:info@alkimiaproductions.com\">info@alkimiaproductions.com<\/a><\/p><p>Adresse: Montr\u00e9al Canada<\/p><p>Copyright \u00a9 2023 Alkimia par <a style=\"color: #c48f56;\" href=\"https:\/\/www.onixxmedia.com\/fr\/\">Onixxmedia<\/a>, tous droits r\u00e9serv\u00e9s.<\/p>\t\t\t\t\t\t\t\t<\/div>\n\t\t\t\t\t<\/div>\n\t\t<\/div>\n\t\t\t\t\t<\/div>\n\t\t<\/section>\n\t\t\t\t<\/div>\n\t\t","protected":false},"excerpt":{"rendered":"<p>Plans de vid\u00e9ographie Bronze 1 REELS 09:16 \u2713 Vid\u00e9o 4K de 1 minute\u2713 Choix de musique\u2713 Ajout de logo et de l\u00e9gende\u2713 1 tenue $950+txs Achetez maintenant Argent 2 REELS 09:16 \u2713 2 vid\u00e9os 4K de 1 minute chacune\u2713 Choix de musique\u2713 Ajout de logo et de l\u00e9gende\u2713 2 tenues $1250+txs Achetez maintenant Or 3 VID\u00c9OS + 3 REELS DE 15 SEC. 09:16 \u2713 3 vid\u00e9os 4K de 1 minute chacune\u2713 3 vid\u00e9os 4K de 15 secondes pour Insta Reels\/Stories\u2713 Choix de musique\u2713 5 tenues $1500+txs Achetez maintenant Plan de tarification pour l&#8217;entreprise Alkimia Productions ca en 2023 mois 25% \/ 6 mois &#8211; 35 % \/ 1 an = 50 % Suivez-moi Le monde sans la photographie serait d\u00e9nu\u00e9 [&hellip;]<\/p>\n","protected":false},"author":2,"featured_media":0,"parent":0,"menu_order":0,"comment_status":"closed","ping_status":"closed","template":"elementor_header_footer","meta":{"_acf_changed":false,"footnotes":""},"class_list":["post-4949","page","type-page","status-publish","hentry"],"acf":[],"_links":{"self":[{"href":"https:\/\/alkimiaproductions.com\/fr\/wp-json\/wp\/v2\/pages\/4949","targetHints":{"allow":["GET"]}}],"collection":[{"href":"https:\/\/alkimiaproductions.com\/fr\/wp-json\/wp\/v2\/pages"}],"about":[{"href":"https:\/\/alkimiaproductions.com\/fr\/wp-json\/wp\/v2\/types\/page"}],"author":[{"embeddable":true,"href":"https:\/\/alkimiaproductions.com\/fr\/wp-json\/wp\/v2\/users\/2"}],"replies":[{"embeddable":true,"href":"https:\/\/alkimiaproductions.com\/fr\/wp-json\/wp\/v2\/comments?post=4949"}],"version-history":[{"count":39,"href":"https:\/\/alkimiaproductions.com\/fr\/wp-json\/wp\/v2\/pages\/4949\/revisions"}],"predecessor-version":[{"id":8480,"href":"https:\/\/alkimiaproductions.com\/fr\/wp-json\/wp\/v2\/pages\/4949\/revisions\/8480"}],"wp:attachment":[{"href":"https:\/\/alkimiaproductions.com\/fr\/wp-json\/wp\/v2\/media?parent=4949"}],"curies":[{"name":"wp","href":"https:\/\/api.w.org\/{rel}","templated":true}]}}