{"id":4841,"date":"2023-08-05T17:54:16","date_gmt":"2023-08-05T17:54:16","guid":{"rendered":"https:\/\/alkimiaproductions.com\/packages\/"},"modified":"2025-08-08T14:36:59","modified_gmt":"2025-08-08T14:36:59","slug":"packages","status":"publish","type":"page","link":"https:\/\/alkimiaproductions.com\/fr\/packages\/","title":{"rendered":"Packages"},"content":{"rendered":"\t\t<div data-elementor-type=\"wp-page\" data-elementor-id=\"4841\" class=\"elementor elementor-4841 elementor-4194\">\n\t\t\t\t\t\t<section class=\"elementor-section elementor-top-section elementor-element elementor-element-51b6502 elementor-section-height-min-height elementor-section-boxed elementor-section-height-default elementor-section-items-middle\" data-id=\"51b6502\" data-element_type=\"section\" data-settings=\"{&quot;background_background&quot;:&quot;classic&quot;}\">\n\t\t\t\t\t\t<div class=\"elementor-container elementor-column-gap-default\">\n\t\t\t\t\t<div class=\"elementor-column elementor-col-100 elementor-top-column elementor-element elementor-element-2bfb37c elementor-invisible\" data-id=\"2bfb37c\" data-element_type=\"column\" data-settings=\"{&quot;animation&quot;:&quot;fadeInUp&quot;}\">\n\t\t\t<div class=\"elementor-widget-wrap elementor-element-populated\">\n\t\t\t\t\t\t<div class=\"elementor-element elementor-element-c0821b7 elementor-invisible elementor-widget elementor-widget-heading\" data-id=\"c0821b7\" data-element_type=\"widget\" data-settings=\"{&quot;_animation&quot;:&quot;fadeInUp&quot;}\" data-widget_type=\"heading.default\">\n\t\t\t\t\t<h4 class=\"elementor-heading-title elementor-size-default\">Imaginez votre moment parfait\n r\u00e9servez votre exp\u00e9rience inoubliable<\/h4>\t\t\t\t<\/div>\n\t\t\t\t\t<\/div>\n\t\t<\/div>\n\t\t\t\t\t<\/div>\n\t\t<\/section>\n\t\t\t\t<section class=\"elementor-section elementor-top-section elementor-element elementor-element-1812ad5 elementor-section-boxed elementor-section-height-default elementor-section-height-default\" data-id=\"1812ad5\" data-element_type=\"section\" data-settings=\"{&quot;background_background&quot;:&quot;classic&quot;}\">\n\t\t\t\t\t\t<div class=\"elementor-container elementor-column-gap-default\">\n\t\t\t\t\t<div class=\"elementor-column elementor-col-100 elementor-top-column elementor-element elementor-element-5f0f668\" data-id=\"5f0f668\" data-element_type=\"column\">\n\t\t\t<div class=\"elementor-widget-wrap elementor-element-populated\">\n\t\t\t\t\t\t<div class=\"elementor-element elementor-element-96f00fa elementor-widget elementor-widget-yprm_heading\" data-id=\"96f00fa\" data-element_type=\"widget\" data-widget_type=\"yprm_heading.default\">\n\t\t\t\t<div class=\"elementor-widget-container\">\n\t\t\t\t\t\t\t\t<div class=\"heading-block tac\">\n\t\t\t\t                  <h3 class=\"h\">D\u00e9couvrez<br \/>\nmes <span>forfaits<\/span><\/h3>\n        \t\t\t<\/div>\n      \t\t\t\t\t\t<\/div>\n\t\t\t\t<\/div>\n\t\t\t\t\t<\/div>\n\t\t<\/div>\n\t\t\t\t\t<\/div>\n\t\t<\/section>\n\t\t\t\t<section class=\"elementor-section elementor-top-section elementor-element elementor-element-bdc44c6 elementor-section-full_width elementor-section-height-default elementor-section-height-default\" data-id=\"bdc44c6\" data-element_type=\"section\">\n\t\t\t\t\t\t<div class=\"elementor-container elementor-column-gap-no\">\n\t\t\t\t\t<div class=\"elementor-column elementor-col-100 elementor-top-column elementor-element elementor-element-371a66b\" data-id=\"371a66b\" data-element_type=\"column\">\n\t\t\t<div class=\"elementor-widget-wrap\">\n\t\t\t\t\t\t\t<\/div>\n\t\t<\/div>\n\t\t\t\t\t<\/div>\n\t\t<\/section>\n\t\t\t\t<section class=\"elementor-section elementor-top-section elementor-element elementor-element-8c60ae9 elementor-section-boxed elementor-section-height-default elementor-section-height-default\" data-id=\"8c60ae9\" data-element_type=\"section\" data-settings=\"{&quot;background_background&quot;:&quot;classic&quot;}\">\n\t\t\t\t\t\t<div class=\"elementor-container elementor-column-gap-default\">\n\t\t\t\t\t<div class=\"elementor-column elementor-col-100 elementor-top-column elementor-element elementor-element-0707945\" data-id=\"0707945\" data-element_type=\"column\">\n\t\t\t<div class=\"elementor-widget-wrap elementor-element-populated\">\n\t\t\t\t\t\t<div class=\"elementor-element elementor-element-b458e87 elementor-widget elementor-widget-yprm_heading\" data-id=\"b458e87\" data-element_type=\"widget\" data-widget_type=\"yprm_heading.default\">\n\t\t\t\t<div class=\"elementor-widget-container\">\n\t\t\t\t\t\t\t\t<div class=\"heading-block tac\">\n\t\t\t\t                  <h3 class=\"h\">Plans <span>suppl\u00e9mentaires<\/span><\/h3>\n        \t\t\t<\/div>\n      \t\t\t\t\t\t<\/div>\n\t\t\t\t<\/div>\n\t\t\t\t<div class=\"elementor-element elementor-element-711f0bf elementor-invisible elementor-widget elementor-widget-yprm_price_list\" data-id=\"711f0bf\" data-element_type=\"widget\" data-settings=\"{&quot;_animation&quot;:&quot;fadeInUp&quot;}\" data-widget_type=\"yprm_price_list.default\">\n\t\t\t\t<div class=\"elementor-widget-container\">\n\t\t\t\t\t\t\t\t\t<div class=\"price-list row price-list-69e0665a08e0d type-big\" data-banner-settings=\"{&quot;autoplay_speed&quot;:5000,&quot;pauseohover&quot;:true,&quot;speed&quot;:300,&quot;carousel&quot;:true,&quot;mobile_cols&quot;:&quot;1&quot;,&quot;tablet_cols&quot;:&quot;2&quot;,&quot;desctop_cols&quot;:&quot;3&quot;}\">\n\t\t\t\t\t\t\t\t\t\t\t<div class=\"item price-list-item list-item\" style=\"background-image: url(https:\/\/alkimiaproductions.com\/wp-content\/uploads\/2023\/10\/Frame-29.png)\">\n\t\t\t\t\t\t\t\t\t\t\t\t\t\t\t<h6 class=\"h\">\n\t\t\t\t\t\t\t\t\tForfait photographie bronze\t\t\t\t\t\t\t\t<\/h6>\n\t\t\t\t\t\t\t\t\t\t\t\t\t\t\t\t\t\t\t\t<div class=\"price\">$575<\/div>\n\t\t\t\t\t\t\t\t\t\t\t\t\t\t\t\t\t\t\t\t\t<a class=\"button-style2\" href=\"\/fr\/photography-packages\/\" >\n\t\t\t\t\t\t\t\t\t\tLire la suite\t\t\t\t\t\t\t\t\t<\/a>\n\t\t\t\t\t\t\t\t\t\t\t\t\t\t<div class=\"options\">\n\t\t\t\t\t\t\t<div class=\"wrap\">\n\t\t\t\t\t\t\t\t\t\t\t\t\t\t\t\t\t<div class=\"heading-decor\">\n\t\t\t\t\t\t\t\t\t\t<h5>\n\t\t\t\t\t\t\t\t\t\t\tBronze<br \/>\n\t\t\t\t\t\t\t\t\t\t<\/h5>\n\t\t\t\t\t\t\t\t\t<\/div>\n\t\t\t\t\t\t\t\t\t\t\t\t\t\t\t\t\t\t\t\t\t\t\t\t\t\t\t<div class=\"o-row\">\u2713 1 heure \/ 1 hour<\/div>\n\t\t\t\t\t\t\t\t\t\t\t\t\t\t\t\t\t\t\t\t\t<div class=\"o-row\">\u2713 15 photos haute r\u00e9solution \/ 15 high resolution pictures<\/div>\n\t\t\t\t\t\t\t\t\t\t\t\t\t\t\t\t\t\t\t\t\t<div class=\"o-row\">\u2713 1 \u00e0 2 changements de tenue \/ 1-2 outfit changes<\/div>\n\t\t\t\t\t\t\t\t\t\t\t\t\t\t\t\t\t\t\t\t\t<div class=\"o-row\">\u2713 5 retouches incluses \/ 5 edits included<\/div>\n\t\t\t\t\t\t\t\t\t\t\t\t\t\t\t\t\t<\/div>\n\t\t\t\t\t\t\t<a href=\"#\" class=\"button-style1\">options<span><\/span><\/a>\n\t\t\t\t\t\t<\/div>\n\t\t\t\t\t<\/div>\n\t\t\t\t\t\t\t\t\t\t\t<div class=\"item price-list-item list-item\" style=\"background-image: url(https:\/\/alkimiaproductions.com\/wp-content\/uploads\/2023\/10\/Frame-32.png)\">\n\t\t\t\t\t\t\t\t\t\t\t\t\t\t\t<h6 class=\"h\">\n\t\t\t\t\t\t\t\t\tForfait videographie bronze\t\t\t\t\t\t\t\t<\/h6>\n\t\t\t\t\t\t\t\t\t\t\t\t\t\t\t\t\t\t\t\t<div class=\"price\">$950<\/div>\n\t\t\t\t\t\t\t\t\t\t\t\t\t\t\t\t\t\t\t\t\t<a class=\"button-style2\" href=\"\/fr\/videography-packages\/\" >\n\t\t\t\t\t\t\t\t\t\tLire la suite\t\t\t\t\t\t\t\t\t<\/a>\n\t\t\t\t\t\t\t\t\t\t\t\t\t\t<div class=\"options\">\n\t\t\t\t\t\t\t<div class=\"wrap\">\n\t\t\t\t\t\t\t\t\t\t\t\t\t\t\t\t\t<div class=\"heading-decor\">\n\t\t\t\t\t\t\t\t\t\t<h5>\n\t\t\t\t\t\t\t\t\t\t\tBronze<br \/>\n\t\t\t\t\t\t\t\t\t\t<\/h5>\n\t\t\t\t\t\t\t\t\t<\/div>\n\t\t\t\t\t\t\t\t\t\t\t\t\t\t\t\t\t\t\t\t\t\t\t\t\t\t\t<div class=\"o-row\">MINUTE (1 REELS 09:16)<\/div>\n\t\t\t\t\t\t\t\t\t\t\t\t\t\t\t\t\t\t\t\t\t<div class=\"o-row\"><\/div>\n\t\t\t\t\t\t\t\t\t\t\t\t\t\t\t\t\t\t\t\t\t<div class=\"o-row\">\u2713 Vid\u00e9o 4K d\u20191 minute<\/div>\n\t\t\t\t\t\t\t\t\t\t\t\t\t\t\t\t\t\t\t\t\t<div class=\"o-row\">\u2713 Choix de musique<\/div>\n\t\t\t\t\t\t\t\t\t\t\t\t\t\t\t\t\t\t\t\t\t<div class=\"o-row\">\u2713 Ajout de logo et de l\u00e9gende<\/div>\n\t\t\t\t\t\t\t\t\t\t\t\t\t\t\t\t\t\t\t\t\t<div class=\"o-row\">\u2713 1 tenue<\/div>\n\t\t\t\t\t\t\t\t\t\t\t\t\t\t\t\t\t<\/div>\n\t\t\t\t\t\t\t<a href=\"#\" class=\"button-style1\">options<span><\/span><\/a>\n\t\t\t\t\t\t<\/div>\n\t\t\t\t\t<\/div>\n\t\t\t\t\t\t\t\t\t\t\t<div class=\"item price-list-item list-item\" style=\"background-image: url(https:\/\/alkimiaproductions.com\/wp-content\/uploads\/2023\/10\/Frame-31.png)\">\n\t\t\t\t\t\t\t\t\t\t\t\t\t\t\t<h6 class=\"h\">\n\t\t\t\t\t\t\t\t\tForfait Podcast bronze\t\t\t\t\t\t\t\t<\/h6>\n\t\t\t\t\t\t\t\t\t\t\t\t\t\t\t\t\t\t\t\t<div class=\"price\">$475<\/div>\n\t\t\t\t\t\t\t\t\t\t\t\t\t\t\t\t\t\t\t\t\t<a class=\"button-style2\" href=\"\/fr\/podcast-packages\/\" >\n\t\t\t\t\t\t\t\t\t\tLire la suite\t\t\t\t\t\t\t\t\t<\/a>\n\t\t\t\t\t\t\t\t\t\t\t\t\t\t<div class=\"options\">\n\t\t\t\t\t\t\t<div class=\"wrap\">\n\t\t\t\t\t\t\t\t\t\t\t\t\t\t\t\t\t<div class=\"heading-decor\">\n\t\t\t\t\t\t\t\t\t\t<h5>\n\t\t\t\t\t\t\t\t\t\t\tBronze<br \/>\n\t\t\t\t\t\t\t\t\t\t<\/h5>\n\t\t\t\t\t\t\t\t\t<\/div>\n\t\t\t\t\t\t\t\t\t\t\t\t\t\t\t\t\t\t\t\t\t\t\t\t\t\t\t<div class=\"o-row\">\u2713 1 heure \/ 1 hour<\/div>\n\t\t\t\t\t\t\t\t\t\t\t\t\t\t\t\t\t\t\t\t\t<div class=\"o-row\">\u2713 1 vid\u00e9o g\u00e9n\u00e9rale \u2013 4K<\/div>\n\t\t\t\t\t\t\t\t\t\t\t\t\t\t\t\t\t\t\t\t\t<div class=\"o-row\">\u2713 1 version de vid\u00e9o pour les reels<\/div>\n\t\t\t\t\t\t\t\t\t\t\t\t\t\t\t\t\t<\/div>\n\t\t\t\t\t\t\t<a href=\"#\" class=\"button-style1\">options<span><\/span><\/a>\n\t\t\t\t\t\t<\/div>\n\t\t\t\t\t<\/div>\n\t\t\t\t\t\t\t\t\t<\/div>\n\t\t\t\t\t\t\t<\/div>\n\t\t\t\t<\/div>\n\t\t\t\t\t<\/div>\n\t\t<\/div>\n\t\t\t\t\t<\/div>\n\t\t<\/section>\n\t\t\t\t<section class=\"elementor-section elementor-top-section elementor-element elementor-element-be694e9 elementor-section-full_width elementor-section-height-default elementor-section-height-default elementor-invisible\" data-id=\"be694e9\" data-element_type=\"section\" data-settings=\"{&quot;animation&quot;:&quot;fadeInUp&quot;}\">\n\t\t\t\t\t\t<div class=\"elementor-container elementor-column-gap-default\">\n\t\t\t\t\t<div class=\"elementor-column elementor-col-50 elementor-top-column elementor-element elementor-element-339b983 height-100vh\" data-id=\"339b983\" data-element_type=\"column\" data-settings=\"{&quot;background_background&quot;:&quot;classic&quot;}\">\n\t\t\t<div class=\"elementor-widget-wrap elementor-element-populated\">\n\t\t\t\t\t<div class=\"elementor-background-overlay\"><\/div>\n\t\t\t\t\t\t<div class=\"elementor-element elementor-element-d36342b elementor-widget elementor-widget-heading\" data-id=\"d36342b\" data-element_type=\"widget\" data-widget_type=\"heading.default\">\n\t\t\t\t\t<h3 class=\"elementor-heading-title elementor-size-default\">Louez mon studio\n\n<\/h3>\t\t\t\t<\/div>\n\t\t\t\t<div class=\"elementor-element elementor-element-38b5189 elementor-widget__width-initial elementor-widget-mobile__width-initial elementor-widget elementor-widget-text-editor\" data-id=\"38b5189\" data-element_type=\"widget\" data-widget_type=\"text-editor.default\">\n\t\t\t\t\t\t\t\t\t<p>D\u00e9couvrez un monde de cr\u00e9ativit\u00e9 dans notre espace de location de studio.<\/p>\t\t\t\t\t\t\t\t<\/div>\n\t\t\t\t<div class=\"elementor-element elementor-element-eaf73ca elementor-align-center elementor-widget elementor-widget-button\" data-id=\"eaf73ca\" data-element_type=\"widget\" data-widget_type=\"button.default\">\n\t\t\t\t\t\t\t\t\t\t<a class=\"elementor-button elementor-button-link elementor-size-sm\" href=\"\/fr\/contact\/\">\n\t\t\t\t\t\t<span class=\"elementor-button-content-wrapper\">\n\t\t\t\t\t\t\t\t\t<span class=\"elementor-button-text\">Contactez-nous<\/span>\n\t\t\t\t\t<\/span>\n\t\t\t\t\t<\/a>\n\t\t\t\t\t\t\t\t<\/div>\n\t\t\t\t\t<\/div>\n\t\t<\/div>\n\t\t\t\t<div class=\"elementor-column elementor-col-50 elementor-top-column elementor-element elementor-element-29ff7ff height-100vh\" data-id=\"29ff7ff\" data-element_type=\"column\" data-settings=\"{&quot;background_background&quot;:&quot;classic&quot;}\">\n\t\t\t<div class=\"elementor-widget-wrap elementor-element-populated\">\n\t\t\t\t\t<div class=\"elementor-background-overlay\"><\/div>\n\t\t\t\t\t\t<div class=\"elementor-element elementor-element-30fc59e elementor-widget elementor-widget-heading\" data-id=\"30fc59e\" data-element_type=\"widget\" data-widget_type=\"heading.default\">\n\t\t\t\t\t<h3 class=\"elementor-heading-title elementor-size-default\">Mariage<\/h3>\t\t\t\t<\/div>\n\t\t\t\t<div class=\"elementor-element elementor-element-9bcacf0 elementor-widget__width-initial elementor-widget-mobile__width-initial elementor-widget elementor-widget-text-editor\" data-id=\"9bcacf0\" data-element_type=\"widget\" data-widget_type=\"text-editor.default\">\n\t\t\t\t\t\t\t\t\t<p>Ch\u00e9rissez votre jour sp\u00e9cial avec notre forfait mariage<\/p>\t\t\t\t\t\t\t\t<\/div>\n\t\t\t\t<div class=\"elementor-element elementor-element-f35d4e4 elementor-align-center elementor-widget elementor-widget-button\" data-id=\"f35d4e4\" data-element_type=\"widget\" data-widget_type=\"button.default\">\n\t\t\t\t\t\t\t\t\t\t<a class=\"elementor-button elementor-button-link elementor-size-sm\" href=\"\/fr\/wedding-packages\/\">\n\t\t\t\t\t\t<span class=\"elementor-button-content-wrapper\">\n\t\t\t\t\t\t\t\t\t<span class=\"elementor-button-text\">D\u00e9couvrir<\/span>\n\t\t\t\t\t<\/span>\n\t\t\t\t\t<\/a>\n\t\t\t\t\t\t\t\t<\/div>\n\t\t\t\t\t<\/div>\n\t\t<\/div>\n\t\t\t\t\t<\/div>\n\t\t<\/section>\n\t\t\t\t<section class=\"elementor-section elementor-top-section elementor-element elementor-element-eedd688 elementor-section-full_width elementor-section-height-default elementor-section-height-default\" data-id=\"eedd688\" data-element_type=\"section\">\n\t\t\t\t\t\t<div class=\"elementor-container elementor-column-gap-no\">\n\t\t\t\t\t<div class=\"elementor-column elementor-col-100 elementor-top-column elementor-element elementor-element-c1fd68c\" data-id=\"c1fd68c\" data-element_type=\"column\">\n\t\t\t<div class=\"elementor-widget-wrap elementor-element-populated\">\n\t\t\t\t\t\t<div class=\"elementor-element elementor-element-984b0b6 elementor-invisible elementor-widget elementor-widget-yprm_photo_carousel\" data-id=\"984b0b6\" data-element_type=\"widget\" data-settings=\"{&quot;_animation&quot;:&quot;fadeInUp&quot;}\" data-widget_type=\"yprm_photo_carousel.default\">\n\t\t\t\t<div class=\"elementor-widget-container\">\n\t\t\t\t\t\t    \t<div class=\"photo-carousel\" data-banner-settings=\"{&quot;loop&quot;:true,&quot;autoplay&quot;:true,&quot;arrows&quot;:true,&quot;autoplay_speed&quot;:5000,&quot;speed&quot;:300}\">\n\t    \t\t\t\t\t\t\t\t<a class=\"button-style1\" href=\"https:\/\/www.instagram.com\/alkimia_productions_ca\/\" target=\"_blank\"  rel=\"nofollow\">\n\t\t\t\t\t\t\t<i aria-hidden=\"true\" class=\"fab fa-instagram\"><\/i>\t\t\t\t\t\t\tSuivez-moi\t\t\t\t\t\t<\/a>\n\t\t\t\t\t\t\t\t\t<div class=\"carousel\">\n\t\t\t\t\t\t\t\t\t    \t<div class=\"item\" style=\"background-image: url(https:\/\/alkimiaproductions.com\/wp-content\/uploads\/2023\/10\/div.item_-1.png );\"><\/div>\n\t\t\t\t    \t\t\t\t    \t<div class=\"item\" style=\"background-image: url(https:\/\/alkimiaproductions.com\/wp-content\/uploads\/2023\/10\/div.item-1-1.png );\"><\/div>\n\t\t\t\t    \t\t\t\t    \t<div class=\"item\" style=\"background-image: url(https:\/\/alkimiaproductions.com\/wp-content\/uploads\/2023\/10\/div.item-2-1.png );\"><\/div>\n\t\t\t\t    \t\t\t\t    \t<div class=\"item\" style=\"background-image: url(https:\/\/alkimiaproductions.com\/wp-content\/uploads\/2023\/10\/div.item-4-1.png );\"><\/div>\n\t\t\t\t    \t\t\t\t    \t<div class=\"item\" style=\"background-image: url(https:\/\/alkimiaproductions.com\/wp-content\/uploads\/2023\/10\/div.item-5-1.png );\"><\/div>\n\t\t\t\t    \t\t\t\t    \t<div class=\"item\" style=\"background-image: url(https:\/\/alkimiaproductions.com\/wp-content\/uploads\/2023\/10\/div.item-6-1.png );\"><\/div>\n\t\t\t\t    \t\t\t\t    \t<div class=\"item\" style=\"background-image: url(https:\/\/alkimiaproductions.com\/wp-content\/uploads\/2023\/10\/div.item-7-1.png );\"><\/div>\n\t\t\t\t    \t\t\t\t    \t<div class=\"item\" style=\"background-image: url(https:\/\/alkimiaproductions.com\/wp-content\/uploads\/2023\/10\/div.item-8-1.png );\"><\/div>\n\t\t\t\t    \t\t\t\t    \t<div class=\"item\" style=\"background-image: url(https:\/\/alkimiaproductions.com\/wp-content\/uploads\/2023\/10\/div.item-9-1.png );\"><\/div>\n\t\t\t\t    \t\t\t\t    \t<div class=\"item\" style=\"background-image: url(https:\/\/alkimiaproductions.com\/wp-content\/uploads\/2023\/10\/div.item-10-1.png );\"><\/div>\n\t\t\t\t    \t\t\t\t    \t<div class=\"item\" style=\"background-image: url(https:\/\/alkimiaproductions.com\/wp-content\/uploads\/2023\/10\/div.item_-2.png );\"><\/div>\n\t\t\t\t    \t\t\t\t    \t<div class=\"item\" style=\"background-image: url(https:\/\/alkimiaproductions.com\/wp-content\/uploads\/2023\/10\/div.item-12-1.png );\"><\/div>\n\t\t\t\t    \t\t\t\t    \t<div class=\"item\" style=\"background-image: url(https:\/\/alkimiaproductions.com\/wp-content\/uploads\/2023\/10\/div.item-13-1.png );\"><\/div>\n\t\t\t\t    \t\t\t\t    \t<div class=\"item\" style=\"background-image: url(https:\/\/alkimiaproductions.com\/wp-content\/uploads\/2023\/10\/div.item_-1.jpg );\"><\/div>\n\t\t\t\t    \t\t\t\t<\/div>\n\t    \t<\/div>\t\n\t    \t\t\t\t<\/div>\n\t\t\t\t<\/div>\n\t\t\t\t\t<\/div>\n\t\t<\/div>\n\t\t\t\t\t<\/div>\n\t\t<\/section>\n\t\t\t\t<section class=\"elementor-section elementor-top-section elementor-element elementor-element-16566db elementor-section-boxed elementor-section-height-default elementor-section-height-default\" data-id=\"16566db\" data-element_type=\"section\" data-settings=\"{&quot;background_background&quot;:&quot;classic&quot;}\">\n\t\t\t\t\t\t<div class=\"elementor-container elementor-column-gap-default\">\n\t\t\t\t\t<div class=\"elementor-column elementor-col-33 elementor-top-column elementor-element elementor-element-2a70fff\" data-id=\"2a70fff\" data-element_type=\"column\">\n\t\t\t<div class=\"elementor-widget-wrap elementor-element-populated\">\n\t\t\t\t\t\t<div class=\"elementor-element elementor-element-add24b2 elementor-widget elementor-widget-image\" data-id=\"add24b2\" data-element_type=\"widget\" data-widget_type=\"image.default\">\n\t\t\t\t\t\t\t\t\t\t\t\t\t\t\t<img decoding=\"async\" width=\"161\" height=\"25\" src=\"https:\/\/alkimiaproductions.com\/wp-content\/uploads\/2021\/06\/alkimia-palabra-png-2.png\" class=\"attachment-full size-full wp-image-4668\" alt=\"\" srcset=\"https:\/\/alkimiaproductions.com\/wp-content\/uploads\/2021\/06\/alkimia-palabra-png-2.png 161w, https:\/\/alkimiaproductions.com\/wp-content\/uploads\/2021\/06\/alkimia-palabra-png-2-70x11.png 70w\" sizes=\"(max-width: 161px) 100vw, 161px\" \/>\t\t\t\t\t\t\t\t\t\t\t\t\t\t\t<\/div>\n\t\t\t\t<div class=\"elementor-element elementor-element-61e5edc elementor-widget elementor-widget-text-editor\" data-id=\"61e5edc\" data-element_type=\"widget\" data-widget_type=\"text-editor.default\">\n\t\t\t\t\t\t\t\t\t<p>Le monde sans la photographie serait d\u00e9nu\u00e9 de sens pour nous s&#8217;il n&#8217;y avait ni lumi\u00e8re ni couleur, car ils \u00e9largissent notre esprit et expriment la passion.<\/p>\t\t\t\t\t\t\t\t<\/div>\n\t\t\t\t\t<\/div>\n\t\t<\/div>\n\t\t\t\t<div class=\"elementor-column elementor-col-33 elementor-top-column elementor-element elementor-element-32ed9bf\" data-id=\"32ed9bf\" data-element_type=\"column\">\n\t\t\t<div class=\"elementor-widget-wrap elementor-element-populated\">\n\t\t\t\t\t\t<div class=\"elementor-element elementor-element-ffcb035 elementor-widget elementor-widget-heading\" data-id=\"ffcb035\" data-element_type=\"widget\" data-widget_type=\"heading.default\">\n\t\t\t\t\t<h5 class=\"elementor-heading-title elementor-size-default\">Derni\u00e8res photos<\/h5>\t\t\t\t<\/div>\n\t\t\t\t<div class=\"elementor-element elementor-element-ca08115 elementor-widget elementor-widget-image-gallery\" data-id=\"ca08115\" data-element_type=\"widget\" data-widget_type=\"image-gallery.default\">\n\t\t\t\t\t\t\t<div class=\"elementor-image-gallery\">\n\t\t\t\n\t\t<style type=\"text\/css\">\n\t\t\t#gallery-1 {\n\t\t\t\tmargin: auto;\n\t\t\t}\n\t\t\t#gallery-1 .gallery-item {\n\t\t\t\tfloat: left;\n\t\t\t\tmargin-top: 10px;\n\t\t\t\ttext-align: center;\n\t\t\t\twidth: 25%;\n\t\t\t}\n\t\t\t#gallery-1 img {\n\t\t\t\tborder: 2px solid #cfcfcf;\n\t\t\t}\n\t\t\t#gallery-1 .gallery-caption {\n\t\t\t\tmargin-left: 0;\n\t\t\t}\n\t\t\t\/* see gallery_shortcode() in wp-includes\/media.php *\/\n\t\t<\/style>\n\t\t<div id='gallery-1' class='gallery galleryid-4841 gallery-columns-4 gallery-size-full'><dl class='gallery-item'>\n\t\t\t<dt class='gallery-icon landscape'>\n\t\t\t\t<a data-elementor-open-lightbox=\"no\" href='https:\/\/alkimiaproductions.com\/wp-content\/uploads\/2025\/06\/2-1.jpg'><img decoding=\"async\" width=\"150\" height=\"150\" src=\"https:\/\/alkimiaproductions.com\/wp-content\/uploads\/2025\/06\/2-1.jpg\" class=\"attachment-full size-full\" alt=\"\" srcset=\"https:\/\/alkimiaproductions.com\/wp-content\/uploads\/2025\/06\/2-1.jpg 150w, https:\/\/alkimiaproductions.com\/wp-content\/uploads\/2025\/06\/2-1-70x70.jpg 70w\" sizes=\"(max-width: 150px) 100vw, 150px\" \/><\/a>\n\t\t\t<\/dt><\/dl><dl class='gallery-item'>\n\t\t\t<dt class='gallery-icon landscape'>\n\t\t\t\t<a data-elementor-open-lightbox=\"no\" href='https:\/\/alkimiaproductions.com\/wp-content\/uploads\/2025\/07\/Cristian-Alkimia.jpg'><img fetchpriority=\"high\" decoding=\"async\" width=\"563\" height=\"563\" src=\"https:\/\/alkimiaproductions.com\/wp-content\/uploads\/2025\/07\/Cristian-Alkimia.jpg\" class=\"attachment-full size-full\" alt=\"\" srcset=\"https:\/\/alkimiaproductions.com\/wp-content\/uploads\/2025\/07\/Cristian-Alkimia.jpg 563w, https:\/\/alkimiaproductions.com\/wp-content\/uploads\/2025\/07\/Cristian-Alkimia-300x300.jpg 300w, https:\/\/alkimiaproductions.com\/wp-content\/uploads\/2025\/07\/Cristian-Alkimia-150x150.jpg 150w, https:\/\/alkimiaproductions.com\/wp-content\/uploads\/2025\/07\/Cristian-Alkimia-70x70.jpg 70w\" sizes=\"(max-width: 563px) 100vw, 563px\" \/><\/a>\n\t\t\t<\/dt><\/dl><dl class='gallery-item'>\n\t\t\t<dt class='gallery-icon landscape'>\n\t\t\t\t<a data-elementor-open-lightbox=\"no\" href='https:\/\/alkimiaproductions.com\/wp-content\/uploads\/2025\/06\/4-1.jpg'><img loading=\"lazy\" decoding=\"async\" width=\"150\" height=\"150\" src=\"https:\/\/alkimiaproductions.com\/wp-content\/uploads\/2025\/06\/4-1.jpg\" class=\"attachment-full size-full\" alt=\"\" srcset=\"https:\/\/alkimiaproductions.com\/wp-content\/uploads\/2025\/06\/4-1.jpg 150w, https:\/\/alkimiaproductions.com\/wp-content\/uploads\/2025\/06\/4-1-70x70.jpg 70w\" sizes=\"(max-width: 150px) 100vw, 150px\" \/><\/a>\n\t\t\t<\/dt><\/dl><dl class='gallery-item'>\n\t\t\t<dt class='gallery-icon landscape'>\n\t\t\t\t<a data-elementor-open-lightbox=\"no\" href='https:\/\/alkimiaproductions.com\/wp-content\/uploads\/2025\/06\/5-1.jpg'><img loading=\"lazy\" decoding=\"async\" width=\"150\" height=\"150\" src=\"https:\/\/alkimiaproductions.com\/wp-content\/uploads\/2025\/06\/5-1.jpg\" class=\"attachment-full size-full\" alt=\"\" srcset=\"https:\/\/alkimiaproductions.com\/wp-content\/uploads\/2025\/06\/5-1.jpg 150w, https:\/\/alkimiaproductions.com\/wp-content\/uploads\/2025\/06\/5-1-70x70.jpg 70w\" sizes=\"(max-width: 150px) 100vw, 150px\" \/><\/a>\n\t\t\t<\/dt><\/dl><br style=\"clear: both\" \/>\n\t\t<\/div>\n\t\t<\/div>\n\t\t\t\t\t\t<\/div>\n\t\t\t\t\t<\/div>\n\t\t<\/div>\n\t\t\t\t<div class=\"elementor-column elementor-col-33 elementor-top-column elementor-element elementor-element-b95c08a\" data-id=\"b95c08a\" data-element_type=\"column\">\n\t\t\t<div class=\"elementor-widget-wrap elementor-element-populated\">\n\t\t\t\t\t\t<div class=\"elementor-element elementor-element-9031d47 elementor-widget elementor-widget-heading\" data-id=\"9031d47\" data-element_type=\"widget\" data-widget_type=\"heading.default\">\n\t\t\t\t\t<h5 class=\"elementor-heading-title elementor-size-default\">Contacts<\/h5>\t\t\t\t<\/div>\n\t\t\t\t<div class=\"elementor-element elementor-element-2ee804c elementor-widget elementor-widget-text-editor\" data-id=\"2ee804c\" data-element_type=\"widget\" data-widget_type=\"text-editor.default\">\n\t\t\t\t\t\t\t\t\t<p>Num\u00e9ro de t\u00e9l\u00e9phone: <a href=\"tel: +1 514-294-8214\">+1 514-294-8214<\/a><\/p><p>Adresse E-mail: <a href=\"mailto:info@alkimiaproductions.com\">info@alkimiaproductions.com<\/a><\/p><p>Adresse: Montr\u00e9al Canada<\/p><p>Copyright \u00a9 2023 Alkimia par <a style=\"color: #c48f56;\" href=\"https:\/\/www.onixxmedia.com\/fr\/\">Onixxmedia<\/a>, tous droits r\u00e9serv\u00e9s.<\/p>\t\t\t\t\t\t\t\t<\/div>\n\t\t\t\t\t<\/div>\n\t\t<\/div>\n\t\t\t\t\t<\/div>\n\t\t<\/section>\n\t\t\t\t<\/div>\n\t\t","protected":false},"excerpt":{"rendered":"<p>Imaginez votre moment parfait r\u00e9servez votre exp\u00e9rience inoubliable D\u00e9couvrez mes forfaits Plans suppl\u00e9mentaires Forfait photographie bronze $575 Lire la suite Bronze \u2713 1 heure \/ 1 hour \u2713 15 photos haute r\u00e9solution \/ 15 high resolution pictures \u2713 1 \u00e0 2 changements de tenue \/ 1-2 outfit changes \u2713 5 retouches incluses \/ 5 edits included options Forfait videographie bronze $950 Lire la suite Bronze MINUTE (1 REELS 09:16) \u2713 Vid\u00e9o 4K d\u20191 minute \u2713 Choix de musique \u2713 Ajout de logo et de l\u00e9gende \u2713 1 tenue options Forfait Podcast bronze $475 Lire la suite Bronze \u2713 1 heure \/ 1 hour \u2713 1 vid\u00e9o g\u00e9n\u00e9rale \u2013 4K \u2713 1 version de vid\u00e9o pour les reels options Louez mon [&hellip;]<\/p>\n","protected":false},"author":2,"featured_media":0,"parent":0,"menu_order":0,"comment_status":"closed","ping_status":"closed","template":"elementor_header_footer","meta":{"_acf_changed":false,"footnotes":""},"class_list":["post-4841","page","type-page","status-publish","hentry"],"acf":[],"_links":{"self":[{"href":"https:\/\/alkimiaproductions.com\/fr\/wp-json\/wp\/v2\/pages\/4841","targetHints":{"allow":["GET"]}}],"collection":[{"href":"https:\/\/alkimiaproductions.com\/fr\/wp-json\/wp\/v2\/pages"}],"about":[{"href":"https:\/\/alkimiaproductions.com\/fr\/wp-json\/wp\/v2\/types\/page"}],"author":[{"embeddable":true,"href":"https:\/\/alkimiaproductions.com\/fr\/wp-json\/wp\/v2\/users\/2"}],"replies":[{"embeddable":true,"href":"https:\/\/alkimiaproductions.com\/fr\/wp-json\/wp\/v2\/comments?post=4841"}],"version-history":[{"count":78,"href":"https:\/\/alkimiaproductions.com\/fr\/wp-json\/wp\/v2\/pages\/4841\/revisions"}],"predecessor-version":[{"id":8634,"href":"https:\/\/alkimiaproductions.com\/fr\/wp-json\/wp\/v2\/pages\/4841\/revisions\/8634"}],"wp:attachment":[{"href":"https:\/\/alkimiaproductions.com\/fr\/wp-json\/wp\/v2\/media?parent=4841"}],"curies":[{"name":"wp","href":"https:\/\/api.w.org\/{rel}","templated":true}]}}