{"id":4832,"date":"2023-07-24T13:45:24","date_gmt":"2023-07-24T13:45:24","guid":{"rendered":"https:\/\/alkimiaproductions.com\/contact\/"},"modified":"2025-08-08T14:41:24","modified_gmt":"2025-08-08T14:41:24","slug":"contact","status":"publish","type":"page","link":"https:\/\/alkimiaproductions.com\/fr\/contact\/","title":{"rendered":"Contact"},"content":{"rendered":"\t\t<div data-elementor-type=\"wp-page\" data-elementor-id=\"4832\" class=\"elementor elementor-4832 elementor-3863\">\n\t\t\t\t\t\t<section class=\"elementor-section elementor-top-section elementor-element elementor-element-0116716 elementor-section-height-min-height elementor-section-boxed elementor-section-height-default elementor-section-items-middle\" data-id=\"0116716\" data-element_type=\"section\" data-settings=\"{&quot;background_background&quot;:&quot;classic&quot;}\">\n\t\t\t\t\t\t<div class=\"elementor-container elementor-column-gap-default\">\n\t\t\t\t\t<div class=\"elementor-column elementor-col-100 elementor-top-column elementor-element elementor-element-95fe820 elementor-invisible\" data-id=\"95fe820\" data-element_type=\"column\" data-settings=\"{&quot;animation&quot;:&quot;fadeInUp&quot;,&quot;background_background&quot;:&quot;classic&quot;}\">\n\t\t\t<div class=\"elementor-widget-wrap elementor-element-populated\">\n\t\t\t\t\t\t<div class=\"elementor-element elementor-element-a750a46 elementor-invisible elementor-widget elementor-widget-heading\" data-id=\"a750a46\" data-element_type=\"widget\" data-settings=\"{&quot;_animation&quot;:&quot;fadeInUp&quot;}\" data-widget_type=\"heading.default\">\n\t\t\t\t\t<h4 class=\"elementor-heading-title elementor-size-default\"><br><br><br><br>Connectons-nous <br>prenez contact avec nous aujourd'hui<\/h4>\t\t\t\t<\/div>\n\t\t\t\t\t<\/div>\n\t\t<\/div>\n\t\t\t\t\t<\/div>\n\t\t<\/section>\n\t\t\t\t<section class=\"elementor-section elementor-top-section elementor-element elementor-element-2f126eb elementor-section-boxed elementor-section-height-default elementor-section-height-default\" data-id=\"2f126eb\" data-element_type=\"section\">\n\t\t\t\t\t\t<div class=\"elementor-container elementor-column-gap-default\">\n\t\t\t\t\t<div class=\"elementor-column elementor-col-100 elementor-top-column elementor-element elementor-element-27e9f42\" data-id=\"27e9f42\" data-element_type=\"column\">\n\t\t\t<div class=\"elementor-widget-wrap elementor-element-populated\">\n\t\t\t\t\t\t<div class=\"elementor-element elementor-element-e563483 elementor-widget elementor-widget-yprm_heading\" data-id=\"e563483\" data-element_type=\"widget\" data-widget_type=\"yprm_heading.default\">\n\t\t\t\t<div class=\"elementor-widget-container\">\n\t\t\t\t\t\t\t\t<div class=\"heading-block tac\">\n\t\t\t\t                  <h2 class=\"h\">Contactez-moi<\/h2>\n        \t\t\t<\/div>\n      \t\t\t\t\t\t<\/div>\n\t\t\t\t<\/div>\n\t\t\t\t<section class=\"elementor-section elementor-inner-section elementor-element elementor-element-9d7f805 elementor-section-content-middle elementor-section-boxed elementor-section-height-default elementor-section-height-default\" data-id=\"9d7f805\" data-element_type=\"section\">\n\t\t\t\t\t\t<div class=\"elementor-container elementor-column-gap-default\">\n\t\t\t\t\t<div class=\"elementor-column elementor-col-33 elementor-inner-column elementor-element elementor-element-74dc440\" data-id=\"74dc440\" data-element_type=\"column\">\n\t\t\t<div class=\"elementor-widget-wrap elementor-element-populated\">\n\t\t\t\t\t\t<div class=\"elementor-element elementor-element-9e1a6b3 elementor-widget elementor-widget-image\" data-id=\"9e1a6b3\" data-element_type=\"widget\" data-widget_type=\"image.default\">\n\t\t\t\t\t\t\t\t\t\t\t\t\t\t\t<img decoding=\"async\" width=\"72\" height=\"73\" src=\"https:\/\/alkimiaproductions.com\/wp-content\/uploads\/2023\/07\/Frame-67.png\" class=\"attachment-full size-full wp-image-4736\" alt=\"\" srcset=\"https:\/\/alkimiaproductions.com\/wp-content\/uploads\/2023\/07\/Frame-67.png 72w, https:\/\/alkimiaproductions.com\/wp-content\/uploads\/2023\/07\/Frame-67-70x70.png 70w\" sizes=\"(max-width: 72px) 100vw, 72px\" \/>\t\t\t\t\t\t\t\t\t\t\t\t\t\t\t<\/div>\n\t\t\t\t<div class=\"elementor-element elementor-element-5ca5795 elementor-widget elementor-widget-text-editor\" data-id=\"5ca5795\" data-element_type=\"widget\" data-widget_type=\"text-editor.default\">\n\t\t\t\t\t\t\t\t\t<p><a href=\"tel: +1 514-294-8214\">+1 514-294-8214<\/a><\/p>\t\t\t\t\t\t\t\t<\/div>\n\t\t\t\t\t<\/div>\n\t\t<\/div>\n\t\t\t\t<div class=\"elementor-column elementor-col-33 elementor-inner-column elementor-element elementor-element-0bffc0f\" data-id=\"0bffc0f\" data-element_type=\"column\">\n\t\t\t<div class=\"elementor-widget-wrap elementor-element-populated\">\n\t\t\t\t\t\t<div class=\"elementor-element elementor-element-18f0e62 elementor-widget elementor-widget-image\" data-id=\"18f0e62\" data-element_type=\"widget\" data-widget_type=\"image.default\">\n\t\t\t\t\t\t\t\t\t\t\t\t\t\t\t<img decoding=\"async\" width=\"72\" height=\"73\" src=\"https:\/\/alkimiaproductions.com\/wp-content\/uploads\/2023\/07\/Frame-68.png\" class=\"attachment-full size-full wp-image-4737\" alt=\"\" srcset=\"https:\/\/alkimiaproductions.com\/wp-content\/uploads\/2023\/07\/Frame-68.png 72w, https:\/\/alkimiaproductions.com\/wp-content\/uploads\/2023\/07\/Frame-68-70x70.png 70w\" sizes=\"(max-width: 72px) 100vw, 72px\" \/>\t\t\t\t\t\t\t\t\t\t\t\t\t\t\t<\/div>\n\t\t\t\t<div class=\"elementor-element elementor-element-d15af9b elementor-widget elementor-widget-text-editor\" data-id=\"d15af9b\" data-element_type=\"widget\" data-widget_type=\"text-editor.default\">\n\t\t\t\t\t\t\t\t\t<a href=\"mailto:info@alkimiaproductions.com\">info@alkimiaproductions.com<\/a>\t\t\t\t\t\t\t\t<\/div>\n\t\t\t\t\t<\/div>\n\t\t<\/div>\n\t\t\t\t<div class=\"elementor-column elementor-col-33 elementor-inner-column elementor-element elementor-element-06938d4\" data-id=\"06938d4\" data-element_type=\"column\">\n\t\t\t<div class=\"elementor-widget-wrap elementor-element-populated\">\n\t\t\t\t\t\t<div class=\"elementor-element elementor-element-dd0d6f1 elementor-widget elementor-widget-image\" data-id=\"dd0d6f1\" data-element_type=\"widget\" data-widget_type=\"image.default\">\n\t\t\t\t\t\t\t\t\t\t\t\t\t\t\t<img decoding=\"async\" width=\"72\" height=\"73\" src=\"https:\/\/alkimiaproductions.com\/wp-content\/uploads\/2023\/07\/Frame-69.png\" class=\"attachment-full size-full wp-image-4738\" alt=\"\" srcset=\"https:\/\/alkimiaproductions.com\/wp-content\/uploads\/2023\/07\/Frame-69.png 72w, https:\/\/alkimiaproductions.com\/wp-content\/uploads\/2023\/07\/Frame-69-70x70.png 70w\" sizes=\"(max-width: 72px) 100vw, 72px\" \/>\t\t\t\t\t\t\t\t\t\t\t\t\t\t\t<\/div>\n\t\t\t\t<div class=\"elementor-element elementor-element-4ab50e3 elementor-widget elementor-widget-text-editor\" data-id=\"4ab50e3\" data-element_type=\"widget\" data-widget_type=\"text-editor.default\">\n\t\t\t\t\t\t\t\t\t<p>Montr\u00e9al Canada<\/p>\t\t\t\t\t\t\t\t<\/div>\n\t\t\t\t\t<\/div>\n\t\t<\/div>\n\t\t\t\t\t<\/div>\n\t\t<\/section>\n\t\t\t\t<div class=\"elementor-element elementor-element-0bf92e6 elementor-widget__width-initial elementor-widget-mobile__width-inherit elementor-widget elementor-widget-text-editor\" data-id=\"0bf92e6\" data-element_type=\"widget\" data-widget_type=\"text-editor.default\">\n\t\t\t\t\t\t\t\t\t<p>Mes photos sont inspir\u00e9es par la lumi\u00e8re, la couleur, les techniques de traitement en noir et blanc, les photos vintages, la perspective cr\u00e9ative, et bien s\u00fbr, le plus important, les personnalit\u00e9s des personnes que je photographie !<\/p>\t\t\t\t\t\t\t\t<\/div>\n\t\t\t\t\t<\/div>\n\t\t<\/div>\n\t\t\t\t\t<\/div>\n\t\t<\/section>\n\t\t\t\t<section class=\"elementor-section elementor-top-section elementor-element elementor-element-77d6671 elementor-section-boxed elementor-section-height-default elementor-section-height-default\" data-id=\"77d6671\" data-element_type=\"section\">\n\t\t\t\t\t\t<div class=\"elementor-container elementor-column-gap-default\">\n\t\t\t\t\t<div class=\"elementor-column elementor-col-100 elementor-top-column elementor-element elementor-element-a1e5117\" data-id=\"a1e5117\" data-element_type=\"column\">\n\t\t\t<div class=\"elementor-widget-wrap elementor-element-populated\">\n\t\t\t\t\t\t<div class=\"elementor-element elementor-element-d3c1cc0 elementor-widget elementor-widget-google_maps\" data-id=\"d3c1cc0\" data-element_type=\"widget\" data-widget_type=\"google_maps.default\">\n\t\t\t\t\t\t\t<div class=\"elementor-custom-embed\">\n\t\t\t<iframe loading=\"lazy\"\n\t\t\t\t\tsrc=\"https:\/\/maps.google.com\/maps?q=Montr%C3%A9al%20Canada&#038;t=m&#038;z=10&#038;output=embed&#038;iwloc=near\"\n\t\t\t\t\ttitle=\"Montr\u00e9al Canada\"\n\t\t\t\t\taria-label=\"Montr\u00e9al Canada\"\n\t\t\t><\/iframe>\n\t\t<\/div>\n\t\t\t\t\t\t<\/div>\n\t\t\t\t\t<\/div>\n\t\t<\/div>\n\t\t\t\t\t<\/div>\n\t\t<\/section>\n\t\t\t\t<section class=\"elementor-section elementor-top-section elementor-element elementor-element-d078682 elementor-section-boxed elementor-section-height-default elementor-section-height-default\" data-id=\"d078682\" data-element_type=\"section\">\n\t\t\t\t\t\t<div class=\"elementor-container elementor-column-gap-default\">\n\t\t\t\t\t<div class=\"elementor-column elementor-col-100 elementor-top-column elementor-element elementor-element-b60c396\" data-id=\"b60c396\" data-element_type=\"column\">\n\t\t\t<div class=\"elementor-widget-wrap elementor-element-populated\">\n\t\t\t\t\t\t<div class=\"elementor-element elementor-element-889ceeb elementor-widget elementor-widget-yprm_heading\" data-id=\"889ceeb\" data-element_type=\"widget\" data-widget_type=\"yprm_heading.default\">\n\t\t\t\t<div class=\"elementor-widget-container\">\n\t\t\t\t\t\t\t\t<div class=\"heading-block tac\">\n\t\t\t\t                  <h4 class=\"h\"> Laisse-moi un mot<\/h4>\n        \t\t\t<\/div>\n      \t\t\t\t\t\t<\/div>\n\t\t\t\t<\/div>\n\t\t\t\t<div class=\"elementor-element elementor-element-a0d8771 elementor-widget elementor-widget-formidable\" data-id=\"a0d8771\" data-element_type=\"widget\" data-widget_type=\"formidable.default\">\n\t\t\t\t<div class=\"elementor-widget-container\">\n\t\t\t\t\t<div class=\"frm_forms  with_frm_style frm_style_contact-us-style\" id=\"frm_form_6_container\" data-token=\"c34d426c8e37bc40b415b8e374c0a73f\">\n<form enctype=\"multipart\/form-data\" method=\"post\" class=\"frm-show-form  frm_js_validate  frm_ajax_submit  frm_pro_form \" id=\"form_contactusfr\" data-token=\"c34d426c8e37bc40b415b8e374c0a73f\">\n<div class=\"frm_form_fields \">\n<fieldset>\n<legend class=\"frm_screen_reader\">contact us (fr)<\/legend>\r\n\r\n<div class=\"frm_fields_container\">\n<input type=\"hidden\" name=\"frm_action\" value=\"create\" \/>\n<input type=\"hidden\" name=\"form_id\" value=\"6\" \/>\n<input type=\"hidden\" name=\"frm_hide_fields_6\" id=\"frm_hide_fields_6\" value=\"\" \/>\n<input type=\"hidden\" name=\"form_key\" value=\"contactusfr\" \/>\n<input type=\"hidden\" name=\"item_meta[0]\" value=\"\" \/>\n<input type=\"hidden\" id=\"frm_submit_entry_6\" name=\"frm_submit_entry_6\" value=\"ca17804296\" \/><input type=\"hidden\" name=\"_wp_http_referer\" value=\"\/fr\/wp-json\/wp\/v2\/pages\/4832\" \/><div id=\"frm_field_24_container\" class=\"frm_form_field form-field  frm_none_container\">\r\n    <label for=\"field_kfxwk2\" id=\"field_kfxwk2_label\" class=\"frm_primary_label\">Enter your name\r\n        <span class=\"frm_required\" aria-hidden=\"true\"><\/span>\r\n    <\/label>\r\n    <input  type=\"text\" id=\"field_kfxwk2\" name=\"item_meta[24]\" value=\"\"  placeholder=\"Entrez votre nom\" data-invmsg=\"Text is invalid\" aria-invalid=\"false\"   \/>\r\n    \r\n    \r\n<\/div>\n<div id=\"frm_field_25_container\" class=\"frm_form_field form-field  frm_none_container\">\r\n    <label for=\"field_7vzvu2\" id=\"field_7vzvu2_label\" class=\"frm_primary_label\">Enter your e-mail\r\n        <span class=\"frm_required\" aria-hidden=\"true\"><\/span>\r\n    <\/label>\r\n    <input type=\"email\" id=\"field_7vzvu2\" name=\"item_meta[25]\" value=\"\"  placeholder=\"Entrez votre adresse e-mail\" data-invmsg=\"Email is invalid\" aria-invalid=\"false\"  \/>\r\n    \r\n    \r\n<\/div>\n<div id=\"frm_field_26_container\" class=\"frm_form_field form-field  frm_none_container\">\r\n    <label for=\"field_n2h152\" id=\"field_n2h152_label\" class=\"frm_primary_label\">Enter your Comment\r\n        <span class=\"frm_required\" aria-hidden=\"true\"><\/span>\r\n    <\/label>\r\n    <textarea name=\"item_meta[26]\" id=\"field_n2h152\" rows=\"8\"  placeholder=\"Entrez votre commentaire\" data-invmsg=\"Paragraph is invalid\" aria-invalid=\"false\"  ><\/textarea>\r\n    \r\n    \r\n<\/div>\n\t<input type=\"hidden\" name=\"item_key\" value=\"\" \/>\n\t\t\t<div id=\"frm_field_27_container\">\n\t\t\t<label for=\"field_c1n9c\" >\n\t\t\t\tSi vous \u00eates un humain, ne remplissez pas ce champ.\t\t\t<\/label>\n\t\t\t<input  id=\"field_c1n9c\" type=\"text\" class=\"frm_form_field form-field frm_verify\" name=\"item_meta[27]\" value=\"\"  \/>\n\t\t<\/div>\n\t\t<input name=\"frm_state\" type=\"hidden\" value=\"CsgTH+AjckY4O9SkBkaV5EbqmtY2FKbpuaPq22XqgtLzM0kyHQSL2QONidK2Ztfp\" \/><div class=\"frm_submit\">\r\n\r\n<button class=\"frm_button_submit frm_final_submit\" type=\"submit\"   formnovalidate=\"formnovalidate\">Envoyer<\/button>\r\n\r\n\r\n<\/div><\/div>\n<\/fieldset>\n<\/div>\n\n<\/form>\n<\/div>\n\t\t\t\t<\/div>\n\t\t\t\t<\/div>\n\t\t\t\t\t<\/div>\n\t\t<\/div>\n\t\t\t\t\t<\/div>\n\t\t<\/section>\n\t\t\t\t<section class=\"elementor-section elementor-top-section elementor-element elementor-element-a517fb7 elementor-section-full_width elementor-hidden-tablet elementor-hidden-mobile elementor-hidden-desktop elementor-section-height-default elementor-section-height-default\" data-id=\"a517fb7\" data-element_type=\"section\">\n\t\t\t\t\t\t<div class=\"elementor-container elementor-column-gap-no\">\n\t\t\t\t\t<div class=\"elementor-column elementor-col-100 elementor-top-column elementor-element elementor-element-65d679f\" data-id=\"65d679f\" data-element_type=\"column\">\n\t\t\t<div class=\"elementor-widget-wrap elementor-element-populated\">\n\t\t\t\t\t\t<div class=\"elementor-element elementor-element-467f950 elementor-invisible elementor-widget elementor-widget-yprm_photo_carousel\" data-id=\"467f950\" data-element_type=\"widget\" data-settings=\"{&quot;_animation&quot;:&quot;fadeInUp&quot;}\" data-widget_type=\"yprm_photo_carousel.default\">\n\t\t\t\t<div class=\"elementor-widget-container\">\n\t\t\t\t\t\t    \t<div class=\"photo-carousel\" data-banner-settings=\"{&quot;loop&quot;:true,&quot;autoplay&quot;:true,&quot;arrows&quot;:true,&quot;autoplay_speed&quot;:5000,&quot;speed&quot;:300}\">\n\t    \t\t\t\t\t\t\t\t<a class=\"button-style1\" href=\"https:\/\/www.instagram.com\/alkimia_productions_ca\/\" target=\"_blank\"  rel=\"nofollow\">\n\t\t\t\t\t\t\t<i aria-hidden=\"true\" class=\"fab fa-instagram\"><\/i>\t\t\t\t\t\t\tSuivez-moi\t\t\t\t\t\t<\/a>\n\t\t\t\t\t\t\t\t\t<div class=\"carousel\">\n\t\t\t\t\t\t\t\t\t    \t<div class=\"item\" style=\"background-image: url(https:\/\/alkimiaproductions.com\/wp-content\/uploads\/2023\/10\/div.item_-1.png );\"><\/div>\n\t\t\t\t    \t\t\t\t    \t<div class=\"item\" style=\"background-image: url(https:\/\/alkimiaproductions.com\/wp-content\/uploads\/2023\/10\/div.item-1-1.png );\"><\/div>\n\t\t\t\t    \t\t\t\t    \t<div class=\"item\" style=\"background-image: url(https:\/\/alkimiaproductions.com\/wp-content\/uploads\/2023\/10\/div.item-2-1.png );\"><\/div>\n\t\t\t\t    \t\t\t\t    \t<div class=\"item\" style=\"background-image: url(https:\/\/alkimiaproductions.com\/wp-content\/uploads\/2023\/10\/div.item-4-1.png );\"><\/div>\n\t\t\t\t    \t\t\t\t    \t<div class=\"item\" style=\"background-image: url(https:\/\/alkimiaproductions.com\/wp-content\/uploads\/2023\/10\/div.item-5-1.png );\"><\/div>\n\t\t\t\t    \t\t\t\t    \t<div class=\"item\" style=\"background-image: url(https:\/\/alkimiaproductions.com\/wp-content\/uploads\/2023\/10\/div.item-6-1.png );\"><\/div>\n\t\t\t\t    \t\t\t\t    \t<div class=\"item\" style=\"background-image: url(https:\/\/alkimiaproductions.com\/wp-content\/uploads\/2023\/10\/div.item-7-1.png );\"><\/div>\n\t\t\t\t    \t\t\t\t    \t<div class=\"item\" style=\"background-image: url(https:\/\/alkimiaproductions.com\/wp-content\/uploads\/2023\/10\/div.item-8-1.png );\"><\/div>\n\t\t\t\t    \t\t\t\t    \t<div class=\"item\" style=\"background-image: url(https:\/\/alkimiaproductions.com\/wp-content\/uploads\/2023\/10\/div.item-9-1.png );\"><\/div>\n\t\t\t\t    \t\t\t\t    \t<div class=\"item\" style=\"background-image: url(https:\/\/alkimiaproductions.com\/wp-content\/uploads\/2023\/10\/div.item-10-1.png );\"><\/div>\n\t\t\t\t    \t\t\t\t    \t<div class=\"item\" style=\"background-image: url(https:\/\/alkimiaproductions.com\/wp-content\/uploads\/2023\/10\/div.item_-2.png );\"><\/div>\n\t\t\t\t    \t\t\t\t    \t<div class=\"item\" style=\"background-image: url(https:\/\/alkimiaproductions.com\/wp-content\/uploads\/2023\/10\/div.item-12-1.png );\"><\/div>\n\t\t\t\t    \t\t\t\t    \t<div class=\"item\" style=\"background-image: url(https:\/\/alkimiaproductions.com\/wp-content\/uploads\/2023\/10\/div.item-13-1.png );\"><\/div>\n\t\t\t\t    \t\t\t\t    \t<div class=\"item\" style=\"background-image: url(https:\/\/alkimiaproductions.com\/wp-content\/uploads\/2023\/10\/div.item_-1.jpg );\"><\/div>\n\t\t\t\t    \t\t\t\t<\/div>\n\t    \t<\/div>\t\n\t    \t\t\t\t<\/div>\n\t\t\t\t<\/div>\n\t\t\t\t\t<\/div>\n\t\t<\/div>\n\t\t\t\t\t<\/div>\n\t\t<\/section>\n\t\t\t\t<section class=\"elementor-section elementor-top-section elementor-element elementor-element-8c8ca03 elementor-section-boxed elementor-section-height-default elementor-section-height-default\" data-id=\"8c8ca03\" data-element_type=\"section\" data-settings=\"{&quot;background_background&quot;:&quot;classic&quot;}\">\n\t\t\t\t\t\t<div class=\"elementor-container elementor-column-gap-default\">\n\t\t\t\t\t<div class=\"elementor-column elementor-col-33 elementor-top-column elementor-element elementor-element-2a7f74d\" data-id=\"2a7f74d\" data-element_type=\"column\">\n\t\t\t<div class=\"elementor-widget-wrap elementor-element-populated\">\n\t\t\t\t\t\t<div class=\"elementor-element elementor-element-2b042b1 elementor-widget elementor-widget-image\" data-id=\"2b042b1\" data-element_type=\"widget\" data-widget_type=\"image.default\">\n\t\t\t\t\t\t\t\t\t\t\t\t\t\t\t<img loading=\"lazy\" decoding=\"async\" width=\"161\" height=\"25\" src=\"https:\/\/alkimiaproductions.com\/wp-content\/uploads\/2021\/06\/alkimia-palabra-png-2.png\" class=\"attachment-full size-full wp-image-4668\" alt=\"\" srcset=\"https:\/\/alkimiaproductions.com\/wp-content\/uploads\/2021\/06\/alkimia-palabra-png-2.png 161w, https:\/\/alkimiaproductions.com\/wp-content\/uploads\/2021\/06\/alkimia-palabra-png-2-70x11.png 70w\" sizes=\"(max-width: 161px) 100vw, 161px\" \/>\t\t\t\t\t\t\t\t\t\t\t\t\t\t\t<\/div>\n\t\t\t\t<div class=\"elementor-element elementor-element-5131a8a elementor-widget elementor-widget-text-editor\" data-id=\"5131a8a\" data-element_type=\"widget\" data-widget_type=\"text-editor.default\">\n\t\t\t\t\t\t\t\t\t<p>Le monde sans la photographie serait d\u00e9nu\u00e9 de sens pour nous s&#8217;il n&#8217;y avait ni lumi\u00e8re ni couleur, car ils \u00e9largissent notre esprit et expriment la passion.<\/p>\t\t\t\t\t\t\t\t<\/div>\n\t\t\t\t\t<\/div>\n\t\t<\/div>\n\t\t\t\t<div class=\"elementor-column elementor-col-33 elementor-top-column elementor-element elementor-element-be417d8\" data-id=\"be417d8\" data-element_type=\"column\">\n\t\t\t<div class=\"elementor-widget-wrap elementor-element-populated\">\n\t\t\t\t\t\t<div class=\"elementor-element elementor-element-ea56160 elementor-widget elementor-widget-heading\" data-id=\"ea56160\" data-element_type=\"widget\" data-widget_type=\"heading.default\">\n\t\t\t\t\t<h5 class=\"elementor-heading-title elementor-size-default\">Derni\u00e8res photos<\/h5>\t\t\t\t<\/div>\n\t\t\t\t<div class=\"elementor-element elementor-element-1327c49 elementor-widget elementor-widget-image-gallery\" data-id=\"1327c49\" data-element_type=\"widget\" data-widget_type=\"image-gallery.default\">\n\t\t\t\t\t\t\t<div class=\"elementor-image-gallery\">\n\t\t\t\n\t\t<style type=\"text\/css\">\n\t\t\t#gallery-1 {\n\t\t\t\tmargin: auto;\n\t\t\t}\n\t\t\t#gallery-1 .gallery-item {\n\t\t\t\tfloat: left;\n\t\t\t\tmargin-top: 10px;\n\t\t\t\ttext-align: center;\n\t\t\t\twidth: 25%;\n\t\t\t}\n\t\t\t#gallery-1 img {\n\t\t\t\tborder: 2px solid #cfcfcf;\n\t\t\t}\n\t\t\t#gallery-1 .gallery-caption {\n\t\t\t\tmargin-left: 0;\n\t\t\t}\n\t\t\t\/* see gallery_shortcode() in wp-includes\/media.php *\/\n\t\t<\/style>\n\t\t<div id='gallery-1' class='gallery galleryid-4832 gallery-columns-4 gallery-size-full'><dl class='gallery-item'>\n\t\t\t<dt class='gallery-icon landscape'>\n\t\t\t\t<a data-elementor-open-lightbox=\"no\" href='https:\/\/alkimiaproductions.com\/wp-content\/uploads\/2025\/07\/Cristian-Alkimia.jpg'><img loading=\"lazy\" decoding=\"async\" width=\"563\" height=\"563\" src=\"https:\/\/alkimiaproductions.com\/wp-content\/uploads\/2025\/07\/Cristian-Alkimia.jpg\" class=\"attachment-full size-full\" alt=\"\" srcset=\"https:\/\/alkimiaproductions.com\/wp-content\/uploads\/2025\/07\/Cristian-Alkimia.jpg 563w, https:\/\/alkimiaproductions.com\/wp-content\/uploads\/2025\/07\/Cristian-Alkimia-300x300.jpg 300w, https:\/\/alkimiaproductions.com\/wp-content\/uploads\/2025\/07\/Cristian-Alkimia-150x150.jpg 150w, https:\/\/alkimiaproductions.com\/wp-content\/uploads\/2025\/07\/Cristian-Alkimia-70x70.jpg 70w\" sizes=\"(max-width: 563px) 100vw, 563px\" \/><\/a>\n\t\t\t<\/dt><\/dl><dl class='gallery-item'>\n\t\t\t<dt class='gallery-icon landscape'>\n\t\t\t\t<a data-elementor-open-lightbox=\"no\" href='https:\/\/alkimiaproductions.com\/wp-content\/uploads\/2025\/06\/2-1.jpg'><img loading=\"lazy\" decoding=\"async\" width=\"150\" height=\"150\" src=\"https:\/\/alkimiaproductions.com\/wp-content\/uploads\/2025\/06\/2-1.jpg\" class=\"attachment-full size-full\" alt=\"\" srcset=\"https:\/\/alkimiaproductions.com\/wp-content\/uploads\/2025\/06\/2-1.jpg 150w, https:\/\/alkimiaproductions.com\/wp-content\/uploads\/2025\/06\/2-1-70x70.jpg 70w\" sizes=\"(max-width: 150px) 100vw, 150px\" \/><\/a>\n\t\t\t<\/dt><\/dl><dl class='gallery-item'>\n\t\t\t<dt class='gallery-icon landscape'>\n\t\t\t\t<a data-elementor-open-lightbox=\"no\" href='https:\/\/alkimiaproductions.com\/wp-content\/uploads\/2025\/06\/4-1.jpg'><img loading=\"lazy\" decoding=\"async\" width=\"150\" height=\"150\" src=\"https:\/\/alkimiaproductions.com\/wp-content\/uploads\/2025\/06\/4-1.jpg\" class=\"attachment-full size-full\" alt=\"\" srcset=\"https:\/\/alkimiaproductions.com\/wp-content\/uploads\/2025\/06\/4-1.jpg 150w, https:\/\/alkimiaproductions.com\/wp-content\/uploads\/2025\/06\/4-1-70x70.jpg 70w\" sizes=\"(max-width: 150px) 100vw, 150px\" \/><\/a>\n\t\t\t<\/dt><\/dl><dl class='gallery-item'>\n\t\t\t<dt class='gallery-icon landscape'>\n\t\t\t\t<a data-elementor-open-lightbox=\"no\" href='https:\/\/alkimiaproductions.com\/wp-content\/uploads\/2025\/06\/5-1.jpg'><img loading=\"lazy\" decoding=\"async\" width=\"150\" height=\"150\" src=\"https:\/\/alkimiaproductions.com\/wp-content\/uploads\/2025\/06\/5-1.jpg\" class=\"attachment-full size-full\" alt=\"\" srcset=\"https:\/\/alkimiaproductions.com\/wp-content\/uploads\/2025\/06\/5-1.jpg 150w, https:\/\/alkimiaproductions.com\/wp-content\/uploads\/2025\/06\/5-1-70x70.jpg 70w\" sizes=\"(max-width: 150px) 100vw, 150px\" \/><\/a>\n\t\t\t<\/dt><\/dl><br style=\"clear: both\" \/>\n\t\t<\/div>\n\t\t<\/div>\n\t\t\t\t\t\t<\/div>\n\t\t\t\t\t<\/div>\n\t\t<\/div>\n\t\t\t\t<div class=\"elementor-column elementor-col-33 elementor-top-column elementor-element elementor-element-88daf47\" data-id=\"88daf47\" data-element_type=\"column\">\n\t\t\t<div class=\"elementor-widget-wrap elementor-element-populated\">\n\t\t\t\t\t\t<div class=\"elementor-element elementor-element-e62f4e6 elementor-widget elementor-widget-heading\" data-id=\"e62f4e6\" data-element_type=\"widget\" data-widget_type=\"heading.default\">\n\t\t\t\t\t<h5 class=\"elementor-heading-title elementor-size-default\">Contacts<\/h5>\t\t\t\t<\/div>\n\t\t\t\t<div class=\"elementor-element elementor-element-dbc89b6 elementor-widget elementor-widget-text-editor\" data-id=\"dbc89b6\" data-element_type=\"widget\" data-widget_type=\"text-editor.default\">\n\t\t\t\t\t\t\t\t\t<p>Num\u00e9ro de t\u00e9l\u00e9phone: <a href=\"tel: +1 514-294-8214\">+1 514-294-8214<\/a><\/p><p>Adresse E-mail: <a href=\"mailto:info@alkimiaproductions.com\">info@alkimiaproductions.com<\/a><\/p><p>Adresse: Montr\u00e9al Canada<\/p><p>Copyright \u00a9 2023 Alkimia par <a style=\"color: #c48f56;\" href=\"https:\/\/www.onixxmedia.com\/fr\/\">Onixxmedia<\/a>, tous droits r\u00e9serv\u00e9s.<\/p>\t\t\t\t\t\t\t\t<\/div>\n\t\t\t\t\t<\/div>\n\t\t<\/div>\n\t\t\t\t\t<\/div>\n\t\t<\/section>\n\t\t\t\t<\/div>\n\t\t","protected":false},"excerpt":{"rendered":"<p>Connectons-nous prenez contact avec nous aujourd&#8217;hui Contactez-moi +1 514-294-8214 info@alkimiaproductions.com Montr\u00e9al Canada Mes photos sont inspir\u00e9es par la lumi\u00e8re, la couleur, les techniques de traitement en noir et blanc, les photos vintages, la perspective cr\u00e9ative, et bien s\u00fbr, le plus important, les personnalit\u00e9s des personnes que je photographie ! Laisse-moi un mot contact us (fr) Enter your name Enter your e-mail Enter your Comment If you are human, leave this field blank. Envoyer Suivez-moi Le monde sans la photographie serait d\u00e9nu\u00e9 de sens pour nous s&#8217;il n&#8217;y avait ni lumi\u00e8re ni couleur, car ils \u00e9largissent notre esprit et expriment la passion. Derni\u00e8res photos Contacts Num\u00e9ro de t\u00e9l\u00e9phone: +1 514-294-8214 Adresse E-mail: info@alkimiaproductions.com Adresse: Montr\u00e9al Canada Copyright \u00a9 2023 Alkimia par [&hellip;]<\/p>\n","protected":false},"author":2,"featured_media":0,"parent":0,"menu_order":0,"comment_status":"closed","ping_status":"closed","template":"elementor_header_footer","meta":{"_acf_changed":false,"footnotes":""},"class_list":["post-4832","page","type-page","status-publish","hentry"],"acf":[],"_links":{"self":[{"href":"https:\/\/alkimiaproductions.com\/fr\/wp-json\/wp\/v2\/pages\/4832","targetHints":{"allow":["GET"]}}],"collection":[{"href":"https:\/\/alkimiaproductions.com\/fr\/wp-json\/wp\/v2\/pages"}],"about":[{"href":"https:\/\/alkimiaproductions.com\/fr\/wp-json\/wp\/v2\/types\/page"}],"author":[{"embeddable":true,"href":"https:\/\/alkimiaproductions.com\/fr\/wp-json\/wp\/v2\/users\/2"}],"replies":[{"embeddable":true,"href":"https:\/\/alkimiaproductions.com\/fr\/wp-json\/wp\/v2\/comments?post=4832"}],"version-history":[{"count":79,"href":"https:\/\/alkimiaproductions.com\/fr\/wp-json\/wp\/v2\/pages\/4832\/revisions"}],"predecessor-version":[{"id":8646,"href":"https:\/\/alkimiaproductions.com\/fr\/wp-json\/wp\/v2\/pages\/4832\/revisions\/8646"}],"wp:attachment":[{"href":"https:\/\/alkimiaproductions.com\/fr\/wp-json\/wp\/v2\/media?parent=4832"}],"curies":[{"name":"wp","href":"https:\/\/api.w.org\/{rel}","templated":true}]}}