{"id":4814,"date":"2023-08-06T20:58:30","date_gmt":"2023-08-06T20:58:30","guid":{"rendered":"https:\/\/alkimiaproductions.com\/our-blog\/"},"modified":"2025-08-08T14:39:11","modified_gmt":"2025-08-08T14:39:11","slug":"our-blog","status":"publish","type":"page","link":"https:\/\/alkimiaproductions.com\/fr\/our-blog\/","title":{"rendered":"Our Blog"},"content":{"rendered":"\t\t<div data-elementor-type=\"wp-page\" data-elementor-id=\"4814\" class=\"elementor elementor-4814 elementor-4328\">\n\t\t\t\t\t\t<section class=\"elementor-section elementor-top-section elementor-element elementor-element-22758a0 elementor-section-height-min-height elementor-section-boxed elementor-section-height-default elementor-section-items-middle\" data-id=\"22758a0\" data-element_type=\"section\" data-settings=\"{&quot;background_background&quot;:&quot;classic&quot;}\">\n\t\t\t\t\t\t<div class=\"elementor-container elementor-column-gap-default\">\n\t\t\t\t\t<div class=\"elementor-column elementor-col-100 elementor-top-column elementor-element elementor-element-0e4b68b elementor-invisible\" data-id=\"0e4b68b\" data-element_type=\"column\" data-settings=\"{&quot;animation&quot;:&quot;fadeInUp&quot;}\">\n\t\t\t<div class=\"elementor-widget-wrap elementor-element-populated\">\n\t\t\t\t\t\t<div class=\"elementor-element elementor-element-ef665b8 elementor-invisible elementor-widget elementor-widget-heading\" data-id=\"ef665b8\" data-element_type=\"widget\" data-settings=\"{&quot;_animation&quot;:&quot;fadeInUp&quot;}\" data-widget_type=\"heading.default\">\n\t\t\t\t\t<h4 class=\"elementor-heading-title elementor-size-default\">Notre Blog<\/h4>\t\t\t\t<\/div>\n\t\t\t\t\t<\/div>\n\t\t<\/div>\n\t\t\t\t\t<\/div>\n\t\t<\/section>\n\t\t\t\t<section class=\"elementor-section elementor-top-section elementor-element elementor-element-95a5466 elementor-section-boxed elementor-section-height-default elementor-section-height-default\" data-id=\"95a5466\" data-element_type=\"section\" data-settings=\"{&quot;background_background&quot;:&quot;classic&quot;}\">\n\t\t\t\t\t\t<div class=\"elementor-container elementor-column-gap-default\">\n\t\t\t\t\t<div class=\"elementor-column elementor-col-100 elementor-top-column elementor-element elementor-element-afdfae7\" data-id=\"afdfae7\" data-element_type=\"column\">\n\t\t\t<div class=\"elementor-widget-wrap elementor-element-populated\">\n\t\t\t\t\t\t<div class=\"elementor-element elementor-element-ceb477e elementor-widget elementor-widget-yprm_heading\" data-id=\"ceb477e\" data-element_type=\"widget\" data-widget_type=\"yprm_heading.default\">\n\t\t\t\t<div class=\"elementor-widget-container\">\n\t\t\t\t\t\t\t\t<div class=\"heading-block tac\">\n\t\t\t\t                  <h3 class=\"h\">D\u00e9couvrir<br \/>\nmes <span>blogs<\/span><\/h3>\n        \t\t\t<\/div>\n      \t\t\t\t\t\t<\/div>\n\t\t\t\t<\/div>\n\t\t\t\t\t<\/div>\n\t\t<\/div>\n\t\t\t\t\t<\/div>\n\t\t<\/section>\n\t\t\t\t<section class=\"elementor-section elementor-top-section elementor-element elementor-element-4fd62aa elementor-section-boxed elementor-section-height-default elementor-section-height-default\" data-id=\"4fd62aa\" data-element_type=\"section\" data-settings=\"{&quot;background_background&quot;:&quot;classic&quot;}\">\n\t\t\t\t\t\t<div class=\"elementor-container elementor-column-gap-default\">\n\t\t\t\t\t<div class=\"elementor-column elementor-col-100 elementor-top-column elementor-element elementor-element-5e88bb3\" data-id=\"5e88bb3\" data-element_type=\"column\">\n\t\t\t<div class=\"elementor-widget-wrap elementor-element-populated\">\n\t\t\t\t\t\t<div class=\"elementor-element elementor-element-537c353 elementor-widget elementor-widget-yprm_blog\" data-id=\"537c353\" data-element_type=\"widget\" data-settings=\"{&quot;type&quot;:&quot;horizontal&quot;}\" data-widget_type=\"yprm_blog.default\">\n\t\t\t\t<div class=\"elementor-widget-container\">\n\t\t\t\t\t\r\n\t\t<div class=\"blog-block elementor-block\">\r\n\t\t\t\t\t\t<div class=\"boxed-off isotope row blog-type-horizontal load-wrap blog-items\">\r\n        <div class=\"grid-sizer col-1\"><\/div>\r\n\t\t\t\t\r\n\t\t<article class=\"blog-item istp-item col-12 with-image category-1\">\r\n\t\t\t<div class=\"wrap\">\r\n\t\t\t\t\t\t\t\t\t<div class=\"img\" data-original=\"https:\/\/alkimiaproductions.com\/wp-content\/uploads\/2023\/08\/Link-3.png\">\r\n\t\t\t\t\t\t\t\t<a href=\"https:\/\/alkimiaproductions.com\/fr\/exploration-des-dernieres-tendances-en-photographie-et-videographie-mobiles\/\" style=\"background-image: url(https:\/\/alkimiaproductions.com\/wp-content\/uploads\/2023\/08\/Link-3.png)\"><\/a>\r\n\t\t\t<\/div>\r\n\t\t\t\t\t\t\t\t<div class=\"content\">\r\n\t\t\t\t\t\t\t\t\t\t\t\t<h5>\r\n\t\t\t<a class=\"title\" href=\"https:\/\/alkimiaproductions.com\/fr\/exploration-des-dernieres-tendances-en-photographie-et-videographie-mobiles\/\">Exploration des derni\u00e8res tendances en photographie et vid\u00e9ographie mobiles<\/a>\r\n\t\t<\/h5>\r\n\t\t\t\t\t\t\t\t\t\t\t\t\t\t\t<div class=\"date\">ao\u00fbt 11, 2023<\/div>\r\n\t\t\t\t\t\t\t\t\t\t\t\t\t\t<div class=\"desc\"><p>L'ann\u00e9e 2023 est une p\u00e9riode passionnante pour les passionn\u00e9s de photographie et de vid\u00e9ographie, avec de nouvelles tendances r...<\/p>\n<\/div>\r\n\t\t\t\t\t\t\t\t\t\t\t<\/div>\r\n        <div class=\"clear\"><\/div>\r\n        \t\t\t<\/div>\r\n\t\t<\/article>\r\n\t\t\r\n\t\t<article class=\"blog-item istp-item col-12 with-image category-1\">\r\n\t\t\t<div class=\"wrap\">\r\n\t\t\t\t\t\t\t\t\t<div class=\"img\" data-original=\"https:\/\/alkimiaproductions.com\/wp-content\/uploads\/2023\/08\/Link-1-1.png\">\r\n\t\t\t\t\t\t\t\t<a href=\"https:\/\/alkimiaproductions.com\/fr\/lobjectif-narratif-de-christian-ascoy-marcelo-et-dalkimia-productions-ca\/\" style=\"background-image: url(https:\/\/alkimiaproductions.com\/wp-content\/uploads\/2023\/08\/Link-1-1.png)\"><\/a>\r\n\t\t\t<\/div>\r\n\t\t\t\t\t\t\t\t<div class=\"content\">\r\n\t\t\t\t\t\t\t\t\t\t\t\t<h5>\r\n\t\t\t<a class=\"title\" href=\"https:\/\/alkimiaproductions.com\/fr\/lobjectif-narratif-de-christian-ascoy-marcelo-et-dalkimia-productions-ca\/\">L'objectif narratif de christian ascoy marcelo et d'alkimia productions ca<\/a>\r\n\t\t<\/h5>\r\n\t\t\t\t\t\t\t\t\t\t\t\t\t\t\t<div class=\"date\">ao\u00fbt 11, 2023<\/div>\r\n\t\t\t\t\t\t\t\t\t\t\t\t\t\t<div class=\"desc\"><p>Christian Ascoy Marcelo, fondateur et directeur cr\u00e9atif d'Alkimia Productions ca, est passionn\u00e9 par la photographie et la vid\u00e9o...<\/p>\n<\/div>\r\n\t\t\t\t\t\t\t\t\t\t\t<\/div>\r\n        <div class=\"clear\"><\/div>\r\n        \t\t\t<\/div>\r\n\t\t<\/article>\r\n\t\t\r\n\t\t<article class=\"blog-item istp-item col-12 with-image category-1\">\r\n\t\t\t<div class=\"wrap\">\r\n\t\t\t\t\t\t\t\t\t<div class=\"img\" data-original=\"https:\/\/alkimiaproductions.com\/wp-content\/uploads\/2023\/08\/Link-1-2.png\">\r\n\t\t\t\t\t\t\t\t<a href=\"https:\/\/alkimiaproductions.com\/fr\/lart-dalkimia-productions-ca\/\" style=\"background-image: url(https:\/\/alkimiaproductions.com\/wp-content\/uploads\/2023\/08\/Link-1-2.png)\"><\/a>\r\n\t\t\t<\/div>\r\n\t\t\t\t\t\t\t\t<div class=\"content\">\r\n\t\t\t\t\t\t\t\t\t\t\t\t<h5>\r\n\t\t\t<a class=\"title\" href=\"https:\/\/alkimiaproductions.com\/fr\/lart-dalkimia-productions-ca\/\">L'art d'alkimia productions .ca<\/a>\r\n\t\t<\/h5>\r\n\t\t\t\t\t\t\t\t\t\t\t\t\t\t\t<div class=\"date\">ao\u00fbt 6, 2023<\/div>\r\n\t\t\t\t\t\t\t\t\t\t\t\t\t\t<div class=\"desc\"><p>Chez Alkimia Productions ca, nous sommes passionn\u00e9s par l'art de capturer des moments pr\u00e9cieux et de raconter des histoires uni...<\/p>\n<\/div>\r\n\t\t\t\t\t\t\t\t\t\t\t<\/div>\r\n        <div class=\"clear\"><\/div>\r\n        \t\t\t<\/div>\r\n\t\t<\/article>\r\n\t\t\t\t\t<\/div>\r\n\t\t\t\t\t<\/div>\r\n\r\n    \t\t\t\t<\/div>\n\t\t\t\t<\/div>\n\t\t\t\t\t<\/div>\n\t\t<\/div>\n\t\t\t\t\t<\/div>\n\t\t<\/section>\n\t\t\t\t<section class=\"elementor-section elementor-top-section elementor-element elementor-element-8b92c49 elementor-section-full_width elementor-hidden-tablet elementor-hidden-mobile elementor-hidden-desktop elementor-section-height-default elementor-section-height-default\" data-id=\"8b92c49\" data-element_type=\"section\">\n\t\t\t\t\t\t<div class=\"elementor-container elementor-column-gap-no\">\n\t\t\t\t\t<div class=\"elementor-column elementor-col-100 elementor-top-column elementor-element elementor-element-28a257e\" data-id=\"28a257e\" data-element_type=\"column\">\n\t\t\t<div class=\"elementor-widget-wrap elementor-element-populated\">\n\t\t\t\t\t\t<div class=\"elementor-element elementor-element-4a4e25d elementor-invisible elementor-widget elementor-widget-yprm_photo_carousel\" data-id=\"4a4e25d\" data-element_type=\"widget\" data-settings=\"{&quot;_animation&quot;:&quot;fadeInUp&quot;}\" data-widget_type=\"yprm_photo_carousel.default\">\n\t\t\t\t<div class=\"elementor-widget-container\">\n\t\t\t\t\t\t    \t<div class=\"photo-carousel\" data-banner-settings=\"{&quot;loop&quot;:true,&quot;autoplay&quot;:true,&quot;arrows&quot;:true,&quot;autoplay_speed&quot;:5000,&quot;speed&quot;:300}\">\n\t    \t\t\t\t\t\t\t\t<a class=\"button-style1\" href=\"https:\/\/www.instagram.com\/alkimia_productions_ca\/\" target=\"_blank\"  rel=\"nofollow\">\n\t\t\t\t\t\t\t<i aria-hidden=\"true\" class=\"fab fa-instagram\"><\/i>\t\t\t\t\t\t\tSuivez-moi\t\t\t\t\t\t<\/a>\n\t\t\t\t\t\t\t\t\t<div class=\"carousel\">\n\t\t\t\t\t\t\t\t\t    \t<div class=\"item\" style=\"background-image: url(https:\/\/alkimiaproductions.com\/wp-content\/uploads\/2023\/10\/div.item_-1.png );\"><\/div>\n\t\t\t\t    \t\t\t\t    \t<div class=\"item\" style=\"background-image: url(https:\/\/alkimiaproductions.com\/wp-content\/uploads\/2023\/10\/div.item-1-1.png );\"><\/div>\n\t\t\t\t    \t\t\t\t    \t<div class=\"item\" style=\"background-image: url(https:\/\/alkimiaproductions.com\/wp-content\/uploads\/2023\/10\/div.item-2-1.png );\"><\/div>\n\t\t\t\t    \t\t\t\t    \t<div class=\"item\" style=\"background-image: url(https:\/\/alkimiaproductions.com\/wp-content\/uploads\/2023\/10\/div.item-4-1.png );\"><\/div>\n\t\t\t\t    \t\t\t\t    \t<div class=\"item\" style=\"background-image: url(https:\/\/alkimiaproductions.com\/wp-content\/uploads\/2023\/10\/div.item-5-1.png );\"><\/div>\n\t\t\t\t    \t\t\t\t    \t<div class=\"item\" style=\"background-image: url(https:\/\/alkimiaproductions.com\/wp-content\/uploads\/2023\/10\/div.item-6-1.png );\"><\/div>\n\t\t\t\t    \t\t\t\t    \t<div class=\"item\" style=\"background-image: url(https:\/\/alkimiaproductions.com\/wp-content\/uploads\/2023\/10\/div.item-7-1.png );\"><\/div>\n\t\t\t\t    \t\t\t\t    \t<div class=\"item\" style=\"background-image: url(https:\/\/alkimiaproductions.com\/wp-content\/uploads\/2023\/10\/div.item-8-1.png );\"><\/div>\n\t\t\t\t    \t\t\t\t    \t<div class=\"item\" style=\"background-image: url(https:\/\/alkimiaproductions.com\/wp-content\/uploads\/2023\/10\/div.item-9-1.png );\"><\/div>\n\t\t\t\t    \t\t\t\t    \t<div class=\"item\" style=\"background-image: url(https:\/\/alkimiaproductions.com\/wp-content\/uploads\/2023\/10\/div.item-10-1.png );\"><\/div>\n\t\t\t\t    \t\t\t\t    \t<div class=\"item\" style=\"background-image: url(https:\/\/alkimiaproductions.com\/wp-content\/uploads\/2023\/10\/div.item_-2.png );\"><\/div>\n\t\t\t\t    \t\t\t\t    \t<div class=\"item\" style=\"background-image: url(https:\/\/alkimiaproductions.com\/wp-content\/uploads\/2023\/10\/div.item-12-1.png );\"><\/div>\n\t\t\t\t    \t\t\t\t    \t<div class=\"item\" style=\"background-image: url(https:\/\/alkimiaproductions.com\/wp-content\/uploads\/2023\/10\/div.item-13-1.png );\"><\/div>\n\t\t\t\t    \t\t\t\t    \t<div class=\"item\" style=\"background-image: url(https:\/\/alkimiaproductions.com\/wp-content\/uploads\/2023\/10\/div.item_-1.jpg );\"><\/div>\n\t\t\t\t    \t\t\t\t<\/div>\n\t    \t<\/div>\t\n\t    \t\t\t\t<\/div>\n\t\t\t\t<\/div>\n\t\t\t\t\t<\/div>\n\t\t<\/div>\n\t\t\t\t\t<\/div>\n\t\t<\/section>\n\t\t\t\t<section class=\"elementor-section elementor-top-section elementor-element elementor-element-ac17712 elementor-section-boxed elementor-section-height-default elementor-section-height-default\" data-id=\"ac17712\" data-element_type=\"section\" data-settings=\"{&quot;background_background&quot;:&quot;classic&quot;}\">\n\t\t\t\t\t\t<div class=\"elementor-container elementor-column-gap-default\">\n\t\t\t\t\t<div class=\"elementor-column elementor-col-33 elementor-top-column elementor-element elementor-element-c586c6e\" data-id=\"c586c6e\" data-element_type=\"column\">\n\t\t\t<div class=\"elementor-widget-wrap elementor-element-populated\">\n\t\t\t\t\t\t<div class=\"elementor-element elementor-element-5cc3346 elementor-widget elementor-widget-image\" data-id=\"5cc3346\" data-element_type=\"widget\" data-widget_type=\"image.default\">\n\t\t\t\t\t\t\t\t\t\t\t\t\t\t\t<img decoding=\"async\" width=\"161\" height=\"25\" src=\"https:\/\/alkimiaproductions.com\/wp-content\/uploads\/2021\/06\/alkimia-palabra-png-2.png\" class=\"attachment-full size-full wp-image-4668\" alt=\"\" srcset=\"https:\/\/alkimiaproductions.com\/wp-content\/uploads\/2021\/06\/alkimia-palabra-png-2.png 161w, https:\/\/alkimiaproductions.com\/wp-content\/uploads\/2021\/06\/alkimia-palabra-png-2-70x11.png 70w\" sizes=\"(max-width: 161px) 100vw, 161px\" \/>\t\t\t\t\t\t\t\t\t\t\t\t\t\t\t<\/div>\n\t\t\t\t<div class=\"elementor-element elementor-element-65a129f elementor-widget elementor-widget-text-editor\" data-id=\"65a129f\" data-element_type=\"widget\" data-widget_type=\"text-editor.default\">\n\t\t\t\t\t\t\t\t\t<p>Le monde sans la photographie serait d\u00e9nu\u00e9 de sens pour nous s&#8217;il n&#8217;y avait ni lumi\u00e8re ni couleur, car ils \u00e9largissent notre esprit et expriment la passion.<\/p>\t\t\t\t\t\t\t\t<\/div>\n\t\t\t\t\t<\/div>\n\t\t<\/div>\n\t\t\t\t<div class=\"elementor-column elementor-col-33 elementor-top-column elementor-element elementor-element-11774a5\" data-id=\"11774a5\" data-element_type=\"column\">\n\t\t\t<div class=\"elementor-widget-wrap elementor-element-populated\">\n\t\t\t\t\t\t<div class=\"elementor-element elementor-element-b7569d8 elementor-widget elementor-widget-heading\" data-id=\"b7569d8\" data-element_type=\"widget\" data-widget_type=\"heading.default\">\n\t\t\t\t\t<h5 class=\"elementor-heading-title elementor-size-default\">Derni\u00e8res photos<\/h5>\t\t\t\t<\/div>\n\t\t\t\t<div class=\"elementor-element elementor-element-f1ffecc elementor-widget elementor-widget-image-gallery\" data-id=\"f1ffecc\" data-element_type=\"widget\" data-widget_type=\"image-gallery.default\">\n\t\t\t\t\t\t\t<div class=\"elementor-image-gallery\">\n\t\t\t\n\t\t<style type=\"text\/css\">\n\t\t\t#gallery-1 {\n\t\t\t\tmargin: auto;\n\t\t\t}\n\t\t\t#gallery-1 .gallery-item {\n\t\t\t\tfloat: left;\n\t\t\t\tmargin-top: 10px;\n\t\t\t\ttext-align: center;\n\t\t\t\twidth: 25%;\n\t\t\t}\n\t\t\t#gallery-1 img {\n\t\t\t\tborder: 2px solid #cfcfcf;\n\t\t\t}\n\t\t\t#gallery-1 .gallery-caption {\n\t\t\t\tmargin-left: 0;\n\t\t\t}\n\t\t\t\/* see gallery_shortcode() in wp-includes\/media.php *\/\n\t\t<\/style>\n\t\t<div id='gallery-1' class='gallery galleryid-4814 gallery-columns-4 gallery-size-full'><dl class='gallery-item'>\n\t\t\t<dt class='gallery-icon landscape'>\n\t\t\t\t<a data-elementor-open-lightbox=\"no\" href='https:\/\/alkimiaproductions.com\/wp-content\/uploads\/2025\/07\/Cristian-Alkimia.jpg'><img fetchpriority=\"high\" decoding=\"async\" width=\"563\" height=\"563\" src=\"https:\/\/alkimiaproductions.com\/wp-content\/uploads\/2025\/07\/Cristian-Alkimia.jpg\" class=\"attachment-full size-full\" alt=\"\" srcset=\"https:\/\/alkimiaproductions.com\/wp-content\/uploads\/2025\/07\/Cristian-Alkimia.jpg 563w, https:\/\/alkimiaproductions.com\/wp-content\/uploads\/2025\/07\/Cristian-Alkimia-300x300.jpg 300w, https:\/\/alkimiaproductions.com\/wp-content\/uploads\/2025\/07\/Cristian-Alkimia-150x150.jpg 150w, https:\/\/alkimiaproductions.com\/wp-content\/uploads\/2025\/07\/Cristian-Alkimia-70x70.jpg 70w\" sizes=\"(max-width: 563px) 100vw, 563px\" \/><\/a>\n\t\t\t<\/dt><\/dl><dl class='gallery-item'>\n\t\t\t<dt class='gallery-icon landscape'>\n\t\t\t\t<a data-elementor-open-lightbox=\"no\" href='https:\/\/alkimiaproductions.com\/wp-content\/uploads\/2025\/06\/2-1.jpg'><img decoding=\"async\" width=\"150\" height=\"150\" src=\"https:\/\/alkimiaproductions.com\/wp-content\/uploads\/2025\/06\/2-1.jpg\" class=\"attachment-full size-full\" alt=\"\" srcset=\"https:\/\/alkimiaproductions.com\/wp-content\/uploads\/2025\/06\/2-1.jpg 150w, https:\/\/alkimiaproductions.com\/wp-content\/uploads\/2025\/06\/2-1-70x70.jpg 70w\" sizes=\"(max-width: 150px) 100vw, 150px\" \/><\/a>\n\t\t\t<\/dt><\/dl><dl class='gallery-item'>\n\t\t\t<dt class='gallery-icon landscape'>\n\t\t\t\t<a data-elementor-open-lightbox=\"no\" href='https:\/\/alkimiaproductions.com\/wp-content\/uploads\/2025\/06\/4-1.jpg'><img loading=\"lazy\" decoding=\"async\" width=\"150\" height=\"150\" src=\"https:\/\/alkimiaproductions.com\/wp-content\/uploads\/2025\/06\/4-1.jpg\" class=\"attachment-full size-full\" alt=\"\" srcset=\"https:\/\/alkimiaproductions.com\/wp-content\/uploads\/2025\/06\/4-1.jpg 150w, https:\/\/alkimiaproductions.com\/wp-content\/uploads\/2025\/06\/4-1-70x70.jpg 70w\" sizes=\"(max-width: 150px) 100vw, 150px\" \/><\/a>\n\t\t\t<\/dt><\/dl><dl class='gallery-item'>\n\t\t\t<dt class='gallery-icon landscape'>\n\t\t\t\t<a data-elementor-open-lightbox=\"no\" href='https:\/\/alkimiaproductions.com\/wp-content\/uploads\/2025\/06\/5-1.jpg'><img loading=\"lazy\" decoding=\"async\" width=\"150\" height=\"150\" src=\"https:\/\/alkimiaproductions.com\/wp-content\/uploads\/2025\/06\/5-1.jpg\" class=\"attachment-full size-full\" alt=\"\" srcset=\"https:\/\/alkimiaproductions.com\/wp-content\/uploads\/2025\/06\/5-1.jpg 150w, https:\/\/alkimiaproductions.com\/wp-content\/uploads\/2025\/06\/5-1-70x70.jpg 70w\" sizes=\"(max-width: 150px) 100vw, 150px\" \/><\/a>\n\t\t\t<\/dt><\/dl><br style=\"clear: both\" \/>\n\t\t<\/div>\n\t\t<\/div>\n\t\t\t\t\t\t<\/div>\n\t\t\t\t\t<\/div>\n\t\t<\/div>\n\t\t\t\t<div class=\"elementor-column elementor-col-33 elementor-top-column elementor-element elementor-element-5972fe6\" data-id=\"5972fe6\" data-element_type=\"column\">\n\t\t\t<div class=\"elementor-widget-wrap elementor-element-populated\">\n\t\t\t\t\t\t<div class=\"elementor-element elementor-element-590e2db elementor-widget elementor-widget-heading\" data-id=\"590e2db\" data-element_type=\"widget\" data-widget_type=\"heading.default\">\n\t\t\t\t\t<h5 class=\"elementor-heading-title elementor-size-default\">Contacts<\/h5>\t\t\t\t<\/div>\n\t\t\t\t<div class=\"elementor-element elementor-element-a933033 elementor-widget elementor-widget-text-editor\" data-id=\"a933033\" data-element_type=\"widget\" data-widget_type=\"text-editor.default\">\n\t\t\t\t\t\t\t\t\t<p>Num\u00e9ro de t\u00e9l\u00e9phone: <a href=\"tel: +1 514-294-8214\">+1 514-294-8214<\/a><\/p><p>Adresse E-mail: <a href=\"mailto:info@alkimiaproductions.com\">info@alkimiaproductions.com<\/a><\/p><p>Adresse: Montr\u00e9al Canada<\/p><p>Copyright \u00a9 2023 Alkimia par <a style=\"color: #c48f56;\" href=\"https:\/\/www.onixxmedia.com\/fr\/\">Onixxmedia<\/a>, tous droits r\u00e9serv\u00e9s.<\/p>\t\t\t\t\t\t\t\t<\/div>\n\t\t\t\t\t<\/div>\n\t\t<\/div>\n\t\t\t\t\t<\/div>\n\t\t<\/section>\n\t\t\t\t<\/div>\n\t\t","protected":false},"excerpt":{"rendered":"<p>Notre Blog D\u00e9couvrir mes blogs Exploring the latest trends in mobile photography and videography August 11, 2023 The year 2023 is an exciting time for photography and videography enthusiasts, with new trends redefining the creative landscap&#8230; The storytelling lens of christian ascoy marcelo and alkimia productions ca August 11, 2023 Christian Ascoy Marcelo, founder, and creative director of Alkimia Productions ca, has been passionate about photography and vi&#8230; The artistry of alkimia productions .ca August 6, 2023 At Alkimia Productions ca we are passionate about the art of capturing precious moments and telling unique stories through phot&#8230; Suivez-moi Le monde sans la photographie serait d\u00e9nu\u00e9 de sens pour nous s&#8217;il n&#8217;y avait ni lumi\u00e8re ni couleur, car ils \u00e9largissent notre [&hellip;]<\/p>\n","protected":false},"author":2,"featured_media":0,"parent":0,"menu_order":0,"comment_status":"closed","ping_status":"closed","template":"elementor_header_footer","meta":{"_acf_changed":false,"footnotes":""},"class_list":["post-4814","page","type-page","status-publish","hentry"],"acf":[],"_links":{"self":[{"href":"https:\/\/alkimiaproductions.com\/fr\/wp-json\/wp\/v2\/pages\/4814","targetHints":{"allow":["GET"]}}],"collection":[{"href":"https:\/\/alkimiaproductions.com\/fr\/wp-json\/wp\/v2\/pages"}],"about":[{"href":"https:\/\/alkimiaproductions.com\/fr\/wp-json\/wp\/v2\/types\/page"}],"author":[{"embeddable":true,"href":"https:\/\/alkimiaproductions.com\/fr\/wp-json\/wp\/v2\/users\/2"}],"replies":[{"embeddable":true,"href":"https:\/\/alkimiaproductions.com\/fr\/wp-json\/wp\/v2\/comments?post=4814"}],"version-history":[{"count":57,"href":"https:\/\/alkimiaproductions.com\/fr\/wp-json\/wp\/v2\/pages\/4814\/revisions"}],"predecessor-version":[{"id":8637,"href":"https:\/\/alkimiaproductions.com\/fr\/wp-json\/wp\/v2\/pages\/4814\/revisions\/8637"}],"wp:attachment":[{"href":"https:\/\/alkimiaproductions.com\/fr\/wp-json\/wp\/v2\/media?parent=4814"}],"curies":[{"name":"wp","href":"https:\/\/api.w.org\/{rel}","templated":true}]}}